{"id":2337,"date":"2026-05-04T13:30:38","date_gmt":"2026-05-04T13:30:38","guid":{"rendered":"https:\/\/www.animaluprising.ch\/linee-guida-2026\/"},"modified":"2026-05-04T13:52:17","modified_gmt":"2026-05-04T13:52:17","slug":"linee-guida-2026","status":"publish","type":"page","link":"https:\/\/www.animaluprising.ch\/it\/linee-guida-2026\/","title":{"rendered":"Linee guida 2026"},"content":{"rendered":"\t\t<div data-elementor-type=\"wp-page\" data-elementor-id=\"2337\" class=\"elementor elementor-2337 elementor-2333\" data-elementor-post-type=\"page\">\n\t\t\t\t<div class=\"elementor-element elementor-element-76aacb1 e-flex e-con-boxed e-con e-parent\" data-id=\"76aacb1\" data-element_type=\"container\" data-e-type=\"container\">\n\t\t\t\t\t<div class=\"e-con-inner\">\n\t\t\t\t<div class=\"elementor-element elementor-element-192880b elementor-widget elementor-widget-heading\" data-id=\"192880b\" data-element_type=\"widget\" data-e-type=\"widget\" data-widget_type=\"heading.default\">\n\t\t\t\t\t<h2 class=\"elementor-heading-title elementor-size-default\">Linee guida per l'Animal Uprising Week<\/h2>\t\t\t\t<\/div>\n\t\t\t\t<div class=\"elementor-element elementor-element-9ecbebd elementor-widget elementor-widget-heading\" data-id=\"9ecbebd\" data-element_type=\"widget\" data-e-type=\"widget\" data-widget_type=\"heading.default\">\n\t\t\t\t\t<h3 class=\"elementor-heading-title elementor-size-default\">1. Valori fondamentali e principi<\/h3>\t\t\t\t<\/div>\n\t\t\t\t<div class=\"elementor-element elementor-element-c25a816 elementor-widget elementor-widget-text-editor\" data-id=\"c25a816\" data-element_type=\"widget\" data-e-type=\"widget\" data-widget_type=\"text-editor.default\">\n\t\t\t\t\t\t\t\t\t<ul><li style=\"font-weight: 400;\" aria-level=\"1\">Sosteniamo il diritto alla vita, alla<b> liberta e all\u2019integrit\u00e0 di tutti gli esseri senzienti.<\/b><\/li><li style=\"font-weight: 400;\" aria-level=\"1\"><b>L\u2019antispecismo \u00e8 alla base di tutte le azioni: <\/b>ci opponiamo a ogni forma di sfruttamento animale.<\/li><\/ul>\t\t\t\t\t\t\t\t<\/div>\n\t\t\t\t<div class=\"elementor-element elementor-element-d3c886e elementor-widget-divider--view-line elementor-widget elementor-widget-divider\" data-id=\"d3c886e\" data-element_type=\"widget\" data-e-type=\"widget\" data-widget_type=\"divider.default\">\n\t\t\t\t\t\t\t<div class=\"elementor-divider\">\n\t\t\t<span class=\"elementor-divider-separator\">\n\t\t\t\t\t\t<\/span>\n\t\t<\/div>\n\t\t\t\t\t\t<\/div>\n\t\t\t\t<div class=\"elementor-element elementor-element-924a802 elementor-widget elementor-widget-heading\" data-id=\"924a802\" data-element_type=\"widget\" data-e-type=\"widget\" data-widget_type=\"heading.default\">\n\t\t\t\t\t<h3 class=\"elementor-heading-title elementor-size-default\">2. Alimentazione<\/h3>\t\t\t\t<\/div>\n\t\t\t\t<div class=\"elementor-element elementor-element-ad069c7 elementor-widget elementor-widget-text-editor\" data-id=\"ad069c7\" data-element_type=\"widget\" data-e-type=\"widget\" data-widget_type=\"text-editor.default\">\n\t\t\t\t\t\t\t\t\t<ul><li style=\"font-weight: 400;\" aria-level=\"1\"><span style=\"font-weight: 400;\">L\u2019intera settimana \u00e8 <b>vegana<\/b>.<br>\u2192 Il cibo fornito durante azioni, banchetti informativi o incontri di networking <b>non contiene prodotti di origine animale<\/b>. <\/span><\/li><\/ul>\t\t\t\t\t\t\t\t<\/div>\n\t\t\t\t<div class=\"elementor-element elementor-element-973da6b elementor-widget-divider--view-line elementor-widget elementor-widget-divider\" data-id=\"973da6b\" data-element_type=\"widget\" data-e-type=\"widget\" data-widget_type=\"divider.default\">\n\t\t\t\t\t\t\t<div class=\"elementor-divider\">\n\t\t\t<span class=\"elementor-divider-separator\">\n\t\t\t\t\t\t<\/span>\n\t\t<\/div>\n\t\t\t\t\t\t<\/div>\n\t\t\t\t<div class=\"elementor-element elementor-element-744f861 elementor-widget elementor-widget-heading\" data-id=\"744f861\" data-element_type=\"widget\" data-e-type=\"widget\" data-widget_type=\"heading.default\">\n\t\t\t\t\t<h3 class=\"elementor-heading-title elementor-size-default\">3. Rispetto e apertura<\/h3>\t\t\t\t<\/div>\n\t\t\t\t<div class=\"elementor-element elementor-element-2c64590 elementor-widget elementor-widget-text-editor\" data-id=\"2c64590\" data-element_type=\"widget\" data-e-type=\"widget\" data-widget_type=\"text-editor.default\">\n\t\t\t\t\t\t\t\t\t<ul style=\"background-image: none; font-size: 22.4px;\"><li style=\"background-image: none; font-size: 22.4px;\" aria-level=\"1\"><b>La settimana di azione \u00e8 aperta a chiunque desideri impegnarsi per gli animali, <\/b>indipendentemente dal proprio stile di vita o dalla propria esperienza.<br>\u2192 Anche le persone che non vivono in modo completamente vegano sono benvenute, <b>purch\u00e9 rispettino le linee guida durante la settimana.<\/b><\/li><\/ul>\t\t\t\t\t\t\t\t<\/div>\n\t\t\t\t<div class=\"elementor-element elementor-element-4fa53b3 elementor-widget-divider--view-line elementor-widget elementor-widget-divider\" data-id=\"4fa53b3\" data-element_type=\"widget\" data-e-type=\"widget\" data-widget_type=\"divider.default\">\n\t\t\t\t\t\t\t<div class=\"elementor-divider\">\n\t\t\t<span class=\"elementor-divider-separator\">\n\t\t\t\t\t\t<\/span>\n\t\t<\/div>\n\t\t\t\t\t\t<\/div>\n\t\t\t\t<div class=\"elementor-element elementor-element-7f45003 elementor-widget elementor-widget-heading\" data-id=\"7f45003\" data-element_type=\"widget\" data-e-type=\"widget\" data-widget_type=\"heading.default\">\n\t\t\t\t\t<h3 class=\"elementor-heading-title elementor-size-default\">4. Non discriminazione\n<\/h3>\t\t\t\t<\/div>\n\t\t\t\t<div class=\"elementor-element elementor-element-732b13d elementor-widget elementor-widget-text-editor\" data-id=\"732b13d\" data-element_type=\"widget\" data-e-type=\"widget\" data-widget_type=\"text-editor.default\">\n\t\t\t\t\t\t\t\t\t<ul style=\"background-image: none; font-size: 22.4px;\"><li style=\"background-image: none; font-size: 22.4px;\" aria-level=\"1\">Nei nostri spazi e nelle nostre azioni<b> non c\u2019\u00e8 posto per la discriminazione<\/b>: ci opponiamo attivamente a razzismo, sessismo, omo-, trans- e queerfobia, abilismo, razzismo antimusulmano, antisemitismo, fascismo<span style=\"font-size: 22.4px;\">, discriminazione legata al peso, <\/span>classismo, discriminazione legata all\u2019et\u00e0 e specismo.<\/li><li style=\"background-image: none; font-size: 22.4px;\" aria-level=\"1\">Manteniamo un <b>comportamento solidale e rispettoso<\/b> tra di noi e non tolleriamo atteggiamenti invadenti o violenti.<\/li><li style=\"background-image: none; font-size: 22.4px;\" aria-level=\"1\">Se, in relazione alla Animal Uprising Week, subisci o osservi comportamenti discriminatori, contatta il team Awareness via e-mail all\u2019indirizzo <a href=\"mailto:awareness@animaluprising.ch\"><b>awareness@animaluprising.ch,<\/b><\/a> <span style=\"font-size: 22.4px;\">oppure durante la Line of Silence di sabato della settimana direttamente il team Awareness in loco. Trattiamo le segnalazioni in modo confidenziale e ce ne occupiamo. <\/span><\/li><\/ul>\t\t\t\t\t\t\t\t<\/div>\n\t\t\t\t<div class=\"elementor-element elementor-element-d42317e elementor-widget-divider--view-line elementor-widget elementor-widget-divider\" data-id=\"d42317e\" data-element_type=\"widget\" data-e-type=\"widget\" data-widget_type=\"divider.default\">\n\t\t\t\t\t\t\t<div class=\"elementor-divider\">\n\t\t\t<span class=\"elementor-divider-separator\">\n\t\t\t\t\t\t<\/span>\n\t\t<\/div>\n\t\t\t\t\t\t<\/div>\n\t\t\t\t<div class=\"elementor-element elementor-element-912c40c elementor-widget elementor-widget-heading\" data-id=\"912c40c\" data-element_type=\"widget\" data-e-type=\"widget\" data-widget_type=\"heading.default\">\n\t\t\t\t\t<h3 class=\"elementor-heading-title elementor-size-default\">5. Accessibilit\u00e0<\/h3>\t\t\t\t<\/div>\n\t\t\t\t<div class=\"elementor-element elementor-element-dd4d8b6 elementor-widget elementor-widget-text-editor\" data-id=\"dd4d8b6\" data-element_type=\"widget\" data-e-type=\"widget\" data-widget_type=\"text-editor.default\">\n\t\t\t\t\t\t\t\t\t<ul style=\"background-image: none; font-size: 22.4px;\"><li style=\"background-image: none; font-size: 22.4px;\" aria-level=\"1\">Ci impegniamo attivamente affinch\u00e9 eventi e materiali siano <b>il pi\u00f9 accessibili possibile<\/b>.<br>\u2192 Questo riguarda il linguaggio, l\u2019accessibilit\u00e0 fisica, i contenuti digitali e le modalit\u00e0 di interazione.<br>\u2192 <span style=\"font-size: 22.4px;\">Chi organizza crea opportunit\u00e0 affinch\u00e9 i partecipanti possano <\/span><span style=\"font-weight: 400;\">comunicare in anticipo le proprie esigenze.<\/span><\/li><\/ul>\t\t\t\t\t\t\t\t<\/div>\n\t\t\t\t<div class=\"elementor-element elementor-element-25b4222 elementor-widget-divider--view-line elementor-widget elementor-widget-divider\" data-id=\"25b4222\" data-element_type=\"widget\" data-e-type=\"widget\" data-widget_type=\"divider.default\">\n\t\t\t\t\t\t\t<div class=\"elementor-divider\">\n\t\t\t<span class=\"elementor-divider-separator\">\n\t\t\t\t\t\t<\/span>\n\t\t<\/div>\n\t\t\t\t\t\t<\/div>\n\t\t\t\t<div class=\"elementor-element elementor-element-e8f7557 elementor-widget elementor-widget-heading\" data-id=\"e8f7557\" data-element_type=\"widget\" data-e-type=\"widget\" data-widget_type=\"heading.default\">\n\t\t\t\t\t<h3 class=\"elementor-heading-title elementor-size-default\">6. Orientamento laico<\/h3>\t\t\t\t<\/div>\n\t\t\t\t<div class=\"elementor-element elementor-element-33b456c elementor-widget elementor-widget-text-editor\" data-id=\"33b456c\" data-element_type=\"widget\" data-e-type=\"widget\" data-widget_type=\"text-editor.default\">\n\t\t\t\t\t\t\t\t\t<ul style=\"background-image: none; font-size: 22.4px;\"><li style=\"background-image: none; font-size: 22.4px;\" aria-level=\"1\">L\u2019Animal Uprising Week <b>non \u00e8 legata ad alcuna religione<\/b>.<br>\u2192 Le convinzioni spirituali o filosofiche individuali sono rispettate, purch\u00e9 non siano escludenti o proselitiste.<\/li><\/ul>\t\t\t\t\t\t\t\t<\/div>\n\t\t\t\t<div class=\"elementor-element elementor-element-7f5a681 elementor-widget-divider--view-line elementor-widget elementor-widget-divider\" data-id=\"7f5a681\" data-element_type=\"widget\" data-e-type=\"widget\" data-widget_type=\"divider.default\">\n\t\t\t\t\t\t\t<div class=\"elementor-divider\">\n\t\t\t<span class=\"elementor-divider-separator\">\n\t\t\t\t\t\t<\/span>\n\t\t<\/div>\n\t\t\t\t\t\t<\/div>\n\t\t\t\t<div class=\"elementor-element elementor-element-04f909b elementor-widget elementor-widget-heading\" data-id=\"04f909b\" data-element_type=\"widget\" data-e-type=\"widget\" data-widget_type=\"heading.default\">\n\t\t\t\t\t<h3 class=\"elementor-heading-title elementor-size-default\">7. Non violenza e principi democratici<\/h3>\t\t\t\t<\/div>\n\t\t\t\t<div class=\"elementor-element elementor-element-1effe6d elementor-widget elementor-widget-text-editor\" data-id=\"1effe6d\" data-element_type=\"widget\" data-e-type=\"widget\" data-widget_type=\"text-editor.default\">\n\t\t\t\t\t\t\t\t\t<ul style=\"background-image: none; font-size: 22.4px;\"><li style=\"background-image: none; font-size: 22.4px;\" aria-level=\"1\">Le nostre azioni sono <b>non violente<\/b> e si basano su <b>democrazia e diritti umani<\/b>.<br>\u2192 La disobbedienza civile \u00e8 una forma di azione importante, purch\u00e9 <strong>rimanga non violenta.<\/strong><\/li><\/ul>\t\t\t\t\t\t\t\t<\/div>\n\t\t\t\t<div class=\"elementor-element elementor-element-0f4e52b elementor-widget-divider--view-line elementor-widget elementor-widget-divider\" data-id=\"0f4e52b\" data-element_type=\"widget\" data-e-type=\"widget\" data-widget_type=\"divider.default\">\n\t\t\t\t\t\t\t<div class=\"elementor-divider\">\n\t\t\t<span class=\"elementor-divider-separator\">\n\t\t\t\t\t\t<\/span>\n\t\t<\/div>\n\t\t\t\t\t\t<\/div>\n\t\t\t\t<div class=\"elementor-element elementor-element-bd11192 elementor-widget elementor-widget-heading\" data-id=\"bd11192\" data-element_type=\"widget\" data-e-type=\"widget\" data-widget_type=\"heading.default\">\n\t\t\t\t\t<h3 class=\"elementor-heading-title elementor-size-default\">8. Applicazione coerente<\/h3>\t\t\t\t<\/div>\n\t\t\t\t<div class=\"elementor-element elementor-element-8e15bae elementor-widget elementor-widget-text-editor\" data-id=\"8e15bae\" data-element_type=\"widget\" data-e-type=\"widget\" data-widget_type=\"text-editor.default\">\n\t\t\t\t\t\t\t\t\t<ul style=\"background-image: none; font-size: 22.4px;\"><li style=\"background-image: none; font-size: 22.4px;\" aria-level=\"1\">Tutte le azioni durante la settimana devono rispettare queste linee guida.<br>\u2192 Chi non le rispetta pu\u00f2 essere escluso dagli eventi.<\/li><\/ul>\t\t\t\t\t\t\t\t<\/div>\n\t\t\t\t<div class=\"elementor-element elementor-element-762c03b elementor-widget-divider--view-line elementor-widget elementor-widget-divider\" data-id=\"762c03b\" data-element_type=\"widget\" data-e-type=\"widget\" data-widget_type=\"divider.default\">\n\t\t\t\t\t\t\t<div class=\"elementor-divider\">\n\t\t\t<span class=\"elementor-divider-separator\">\n\t\t\t\t\t\t<\/span>\n\t\t<\/div>\n\t\t\t\t\t\t<\/div>\n\t\t\t\t<div class=\"elementor-element elementor-element-c52e1fd elementor-widget elementor-widget-heading\" data-id=\"c52e1fd\" data-element_type=\"widget\" data-e-type=\"widget\" data-widget_type=\"heading.default\">\n\t\t\t\t\t<h3 class=\"elementor-heading-title elementor-size-default\">9. Apprendimento collettivo<\/h3>\t\t\t\t<\/div>\n\t\t\t\t<div class=\"elementor-element elementor-element-f3ca310 elementor-widget elementor-widget-text-editor\" data-id=\"f3ca310\" data-element_type=\"widget\" data-e-type=\"widget\" data-widget_type=\"text-editor.default\">\n\t\t\t\t\t\t\t\t\t<ul style=\"background-image: none; font-size: 22.4px;\"><li style=\"background-image: none; font-size: 22.4px;\" aria-level=\"1\">Consideriamo l\u2019attivismo come un <b>processo di apprendimento collettivo.<\/b><br>\u2192 Gli errori accadono: ci\u00f2 che conta \u00e8 affrontarli in modo aperto e solidale, con la volont\u00e0 di migliorare. <\/li><\/ul>\t\t\t\t\t\t\t\t<\/div>\n\t\t\t\t<div class=\"elementor-element elementor-element-4c9b6b7 elementor-widget-divider--view-line elementor-widget elementor-widget-divider\" data-id=\"4c9b6b7\" data-element_type=\"widget\" data-e-type=\"widget\" data-widget_type=\"divider.default\">\n\t\t\t\t\t\t\t<div class=\"elementor-divider\">\n\t\t\t<span class=\"elementor-divider-separator\">\n\t\t\t\t\t\t<\/span>\n\t\t<\/div>\n\t\t\t\t\t\t<\/div>\n\t\t\t\t<div class=\"elementor-element elementor-element-05ab9ed elementor-widget elementor-widget-heading\" data-id=\"05ab9ed\" data-element_type=\"widget\" data-e-type=\"widget\" data-widget_type=\"heading.default\">\n\t\t\t\t\t<h3 class=\"elementor-heading-title elementor-size-default\">10. Documentazione e visibilit\u00e0<\/h3>\t\t\t\t<\/div>\n\t\t\t\t<div class=\"elementor-element elementor-element-0e0c723 elementor-widget elementor-widget-text-editor\" data-id=\"0e0c723\" data-element_type=\"widget\" data-e-type=\"widget\" data-widget_type=\"text-editor.default\">\n\t\t\t\t\t\t\t\t\t<ul style=\"background-image: none; font-size: 22.4px;\"><li>Le azioni vengono documentate in modo trasparente<span style=\"font-weight: 400;\">.<\/span><span style=\"font-weight: 400;\"><br><\/span><span style=\"font-weight: 400;\">\u2192 Foto e video vengono realizzati e pubblicati <\/span><b>solo con il consenso<\/b><span style=\"font-weight: 400;\"> delle persone riconoscibili.<\/span><\/li><\/ul>\t\t\t\t\t\t\t\t<\/div>\n\t\t\t\t<div class=\"elementor-element elementor-element-ea88cf8 elementor-widget-divider--view-line elementor-widget elementor-widget-divider\" data-id=\"ea88cf8\" data-element_type=\"widget\" data-e-type=\"widget\" data-widget_type=\"divider.default\">\n\t\t\t\t\t\t\t<div class=\"elementor-divider\">\n\t\t\t<span class=\"elementor-divider-separator\">\n\t\t\t\t\t\t<\/span>\n\t\t<\/div>\n\t\t\t\t\t\t<\/div>\n\t\t\t\t<div class=\"elementor-element elementor-element-726597d elementor-widget elementor-widget-heading\" data-id=\"726597d\" data-element_type=\"widget\" data-e-type=\"widget\" data-widget_type=\"heading.default\">\n\t\t\t\t\t<h3 class=\"elementor-heading-title elementor-size-default\">11. Sostenibilit\u00e0<\/h3>\t\t\t\t<\/div>\n\t\t\t\t<div class=\"elementor-element elementor-element-f99731f elementor-widget elementor-widget-text-editor\" data-id=\"f99731f\" data-element_type=\"widget\" data-e-type=\"widget\" data-widget_type=\"text-editor.default\">\n\t\t\t\t\t\t\t\t\t<ul style=\"background-image: none; font-size: 22.4px;\"><li style=\"background-image: none; font-size: 22.4px;\" aria-level=\"1\"><span style=\"font-weight: 400;\">Ci impegniamo per i diritti degli animali, tenendo conto anche della sostenibilit\u00e0: riducendo l\u2019uso di risorse, evitando rifiuti e riutilizzando materiali quando possibile.<br><br><\/span><\/li><\/ul>\t\t\t\t\t\t\t\t<\/div>\n\t\t\t\t\t<\/div>\n\t\t\t\t<\/div>\n\t\t\t\t<\/div>\n\t\t","protected":false},"excerpt":{"rendered":"<p>Linee guida per l\u2019Animal Uprising Week 1. Valori fondamentali e principi Sosteniamo il diritto alla vita, alla liberta e all\u2019integrit\u00e0 di tutti gli esseri senzienti. L\u2019antispecismo \u00e8 alla base di tutte le azioni: ci opponiamo a ogni forma di sfruttamento animale. 2. Alimentazione L\u2019intera settimana \u00e8 vegana.\u2192 Il cibo fornito durante azioni, banchetti informativi o [&hellip;]<\/p>\n","protected":false},"author":1,"featured_media":0,"parent":0,"menu_order":0,"comment_status":"closed","ping_status":"closed","template":"","meta":{"_acf_changed":false,"footnotes":""},"class_list":["post-2337","page","type-page","status-publish","hentry"],"acf":{"veranstaltungsdatum":null,"zeit":null,"veranstaltungsart_select":false},"_links":{"self":[{"href":"https:\/\/www.animaluprising.ch\/it\/wp-json\/wp\/v2\/pages\/2337","targetHints":{"allow":["GET"]}}],"collection":[{"href":"https:\/\/www.animaluprising.ch\/it\/wp-json\/wp\/v2\/pages"}],"about":[{"href":"https:\/\/www.animaluprising.ch\/it\/wp-json\/wp\/v2\/types\/page"}],"author":[{"embeddable":true,"href":"https:\/\/www.animaluprising.ch\/it\/wp-json\/wp\/v2\/users\/1"}],"replies":[{"embeddable":true,"href":"https:\/\/www.animaluprising.ch\/it\/wp-json\/wp\/v2\/comments?post=2337"}],"version-history":[{"count":7,"href":"https:\/\/www.animaluprising.ch\/it\/wp-json\/wp\/v2\/pages\/2337\/revisions"}],"predecessor-version":[{"id":2374,"href":"https:\/\/www.animaluprising.ch\/it\/wp-json\/wp\/v2\/pages\/2337\/revisions\/2374"}],"wp:attachment":[{"href":"https:\/\/www.animaluprising.ch\/it\/wp-json\/wp\/v2\/media?parent=2337"}],"curies":[{"name":"wp","href":"https:\/\/api.w.org\/{rel}","templated":true}]}}