{"id":2280,"date":"2026-05-04T10:55:55","date_gmt":"2026-05-04T10:55:55","guid":{"rendered":"https:\/\/www.animaluprising.ch\/chi-siamo-2026\/"},"modified":"2026-05-04T14:29:42","modified_gmt":"2026-05-04T14:29:42","slug":"chi-siamo-2026","status":"publish","type":"page","link":"https:\/\/www.animaluprising.ch\/it\/chi-siamo-2026\/","title":{"rendered":"Chi siamo 2026"},"content":{"rendered":"\t\t<div data-elementor-type=\"wp-page\" data-elementor-id=\"2280\" class=\"elementor elementor-2280 elementor-2275\" data-elementor-post-type=\"page\">\n\t\t\t\t<div class=\"elementor-element elementor-element-cb8aa57 e-flex e-con-boxed e-con e-parent\" data-id=\"cb8aa57\" data-element_type=\"container\" data-e-type=\"container\" data-settings=\"{&quot;background_background&quot;:&quot;classic&quot;}\">\n\t\t\t\t\t<div class=\"e-con-inner\">\n\t\t\t\t<div class=\"elementor-element elementor-element-7610625 elementor-widget elementor-widget-heading\" data-id=\"7610625\" data-element_type=\"widget\" data-e-type=\"widget\" data-widget_type=\"heading.default\">\n\t\t\t\t\t<h2 class=\"elementor-heading-title elementor-size-default\">Giustizia - Per tutti!<\/h2>\t\t\t\t<\/div>\n\t\t\t\t<div class=\"elementor-element elementor-element-b253088 elementor-widget elementor-widget-text-editor\" data-id=\"b253088\" data-element_type=\"widget\" data-e-type=\"widget\" data-widget_type=\"text-editor.default\">\n\t\t\t\t\t\t\t\t\t<p>La Animal Uprising Week vive dell\u2019impegno di molti. Numerosi <strong>attivisti, organizzazioni<\/strong> e <strong>santuari<\/strong> da tutta la Svizzera <strong>realizzano<\/strong> le proprie <strong>azioni, performance<\/strong> e <strong>stand informativi<\/strong> \u2013 o supportano la loro realizzazione. <\/p><p>Un enorme ringraziamento va a tutti coloro che, con idee, tempo, energia e risorse, contribuiscono a rendere questa settimana colorata, versatile e visibile. Anche perch\u00e9 con il vostro impegno, la vostra passione e la vostra solidariet\u00e0 vi adoperate quotidianamente affinch\u00e9 questo mondo diventi un po&#8217; pi\u00f9 giusto per tutti gli esseri viventi.  <strong>Grazie!<\/strong><\/p><p>Vorremmo anche ringraziare di cuore i nostri sponsor, che ci supportano con donazioni di beni per la lotteria o con sostegno finanziario.<\/p><h2 style=\"text-align: left;\">Chi siamo<\/h2><p>Il comitato organizzatore dell\u2019Animal Uprising Week \u00e8 composto da otto persone impegnate provenienti da diverse organizzazioni per i diritti degli animali e gruppi di azione di tutta la Svizzera. Coordiniamo, mettiamo in rete e rendiamo visibili all\u2019esterno le azioni combinate in anticipo attraverso il nostro sito web e i canali di social media, in modo che il messaggio comune sia forte e ampiamente udibile: <strong>Animal Uprising \u2013 Giustizia \u2013 Per tutti!<\/strong> <\/p><h2>Awareness &amp; Linee guida<\/h2><p>Affinch\u00e9 tutti si sentano a proprio agio e i nostri valori rimangano percepibili anche nell\u2019interazione, durante la settimana sar\u00e0 presente un Awareness-Team.<br>Si assicura che le nostre <a href=\"https:\/\/www.animaluprising.ch\/it\/linee-guida-2026\/\">linee guida<\/a> vengano rispettate ed \u00e8 disponibile per conversazioni e supporto.<\/p><ul><li>Contatto: <a href=\"mailto:awareness@animaluprising.ch\">awareness@animaluprising.ch<\/a><\/li><\/ul><p>Qui potete segnalare se avete vissuto o osservato qualcosa che vi ha messo in difficolt\u00e0 o che viola le nostre <a href=\"https:\/\/www.animaluprising.ch\/it\/linee-guida-2026\/\">linee guida<\/a>.<br>Le nostre <a href=\"https:\/\/www.animaluprising.ch\/it\/linee-guida-2026\/\">linee guida<\/a> sono parte integrante della Animal Uprising Week. Tutti coloro che vi partecipano in qualsiasi forma si impegnano a rispettare le <a href=\"https:\/\/www.animaluprising.ch\/it\/linee-guida-2026\/\">linee guida<\/a>. <\/p>\t\t\t\t\t\t\t\t<\/div>\n\t\t\t\t<div class=\"elementor-element elementor-element-dbfa48a elementor-widget elementor-widget-image\" data-id=\"dbfa48a\" data-element_type=\"widget\" data-e-type=\"widget\" data-widget_type=\"image.default\">\n\t\t\t\t\t\t\t\t\t\t\t\t\t\t\t<img fetchpriority=\"high\" decoding=\"async\" width=\"800\" height=\"234\" src=\"https:\/\/www.animaluprising.ch\/wp-content\/uploads\/2026\/05\/Team_Illus_2026-01-1024x299.png\" class=\"attachment-large size-large wp-image-2288\" alt=\"\" srcset=\"https:\/\/www.animaluprising.ch\/wp-content\/uploads\/2026\/05\/Team_Illus_2026-01-1024x299.png 1024w, https:\/\/www.animaluprising.ch\/wp-content\/uploads\/2026\/05\/Team_Illus_2026-01-300x88.webp 300w, https:\/\/www.animaluprising.ch\/wp-content\/uploads\/2026\/05\/Team_Illus_2026-01-768x224.png 768w, https:\/\/www.animaluprising.ch\/wp-content\/uploads\/2026\/05\/Team_Illus_2026-01-1536x448.png 1536w, https:\/\/www.animaluprising.ch\/wp-content\/uploads\/2026\/05\/Team_Illus_2026-01.webp 1920w\" sizes=\"(max-width: 800px) 100vw, 800px\" \/>\t\t\t\t\t\t\t\t\t\t\t\t\t\t\t<\/div>\n\t\t\t\t<div class=\"elementor-element elementor-element-1b957fb elementor-widget elementor-widget-heading\" data-id=\"1b957fb\" data-element_type=\"widget\" data-e-type=\"widget\" data-widget_type=\"heading.default\">\n\t\t\t\t\t<h2 class=\"elementor-heading-title elementor-size-default\">Sostenitori di Animal Uprising Week<\/h2>\t\t\t\t<\/div>\n\t\t<div class=\"elementor-element elementor-element-493fd10 e-con-full e-flex e-con e-child\" data-id=\"493fd10\" data-element_type=\"container\" data-e-type=\"container\">\n\t\t<div class=\"elementor-element elementor-element-5610b43 e-con-full e-flex e-con e-child\" data-id=\"5610b43\" data-element_type=\"container\" data-e-type=\"container\" data-settings=\"{&quot;background_background&quot;:&quot;classic&quot;}\">\n\t\t<div class=\"elementor-element elementor-element-17605cd e-con-full e-flex e-con e-child\" data-id=\"17605cd\" data-element_type=\"container\" data-e-type=\"container\" data-settings=\"{&quot;background_background&quot;:&quot;classic&quot;}\">\n\t\t\t\t<div class=\"elementor-element elementor-element-ff00348 elementor-widget elementor-widget-image\" data-id=\"ff00348\" data-element_type=\"widget\" data-e-type=\"widget\" data-widget_type=\"image.default\">\n\t\t\t\t\t\t\t\t\t\t\t\t\t\t\t\t<a href=\"https:\/\/www.atra.info\/index.php\/it\/\" target=\"_blank\">\n\t\t\t\t\t\t\t<img decoding=\"async\" width=\"800\" height=\"788\" src=\"https:\/\/www.animaluprising.ch\/wp-content\/uploads\/2025\/09\/ATRA-01-1024x1008.png\" class=\"attachment-large size-large wp-image-1226\" alt=\"\" srcset=\"https:\/\/www.animaluprising.ch\/wp-content\/uploads\/2025\/09\/ATRA-01-1024x1008.png 1024w, https:\/\/www.animaluprising.ch\/wp-content\/uploads\/2025\/09\/ATRA-01-300x295.png 300w, https:\/\/www.animaluprising.ch\/wp-content\/uploads\/2025\/09\/ATRA-01-768x756.png 768w, https:\/\/www.animaluprising.ch\/wp-content\/uploads\/2025\/09\/ATRA-01.png 1286w\" sizes=\"(max-width: 800px) 100vw, 800px\" \/>\t\t\t\t\t\t\t\t<\/a>\n\t\t\t\t\t\t\t\t\t\t\t\t\t\t\t<\/div>\n\t\t\t\t<\/div>\n\t\t\t\t<\/div>\n\t\t<div class=\"elementor-element elementor-element-4676a1d e-con-full e-flex e-con e-child\" data-id=\"4676a1d\" data-element_type=\"container\" data-e-type=\"container\" data-settings=\"{&quot;background_background&quot;:&quot;classic&quot;}\">\n\t\t\t\t<div class=\"elementor-element elementor-element-380e4f5 elementor-widget elementor-widget-image\" data-id=\"380e4f5\" data-element_type=\"widget\" data-e-type=\"widget\" data-widget_type=\"image.default\">\n\t\t\t\t\t\t\t\t\t\t\t\t\t\t\t\t<a href=\"https:\/\/tierimfokus.ch\" target=\"_blank\">\n\t\t\t\t\t\t\t<img decoding=\"async\" width=\"800\" height=\"800\" src=\"https:\/\/www.animaluprising.ch\/wp-content\/uploads\/2025\/09\/TIF_Logo_Button.webp\" class=\"attachment-large size-large wp-image-1252\" alt=\"\" \/>\t\t\t\t\t\t\t\t<\/a>\n\t\t\t\t\t\t\t\t\t\t\t\t\t\t\t<\/div>\n\t\t\t\t<\/div>\n\t\t<div class=\"elementor-element elementor-element-b73d097 e-con-full e-flex e-con e-child\" data-id=\"b73d097\" data-element_type=\"container\" data-e-type=\"container\" data-settings=\"{&quot;background_background&quot;:&quot;classic&quot;}\">\n\t\t\t\t<div class=\"elementor-element elementor-element-aab5131 elementor-widget elementor-widget-image\" data-id=\"aab5131\" data-element_type=\"widget\" data-e-type=\"widget\" data-widget_type=\"image.default\">\n\t\t\t\t\t\t\t\t\t\t\t\t\t\t\t\t<a href=\"https:\/\/www.facebook.com\/p\/Stadttaubenhilfe-Sankt-Gallen-61576875104481\/\" target=\"_blank\">\n\t\t\t\t\t\t\t<img loading=\"lazy\" decoding=\"async\" width=\"800\" height=\"792\" src=\"https:\/\/www.animaluprising.ch\/wp-content\/uploads\/2025\/09\/Stadttauben_St-gallen.webp\" class=\"attachment-large size-large wp-image-1250\" alt=\"\" \/>\t\t\t\t\t\t\t\t<\/a>\n\t\t\t\t\t\t\t\t\t\t\t\t\t\t\t<\/div>\n\t\t\t\t<\/div>\n\t\t<div class=\"elementor-element elementor-element-31cdef3 e-con-full e-flex e-con e-child\" data-id=\"31cdef3\" data-element_type=\"container\" data-e-type=\"container\" data-settings=\"{&quot;background_background&quot;:&quot;classic&quot;}\">\n\t\t\t\t<div class=\"elementor-element elementor-element-c1b6e65 elementor-widget elementor-widget-image\" data-id=\"c1b6e65\" data-element_type=\"widget\" data-e-type=\"widget\" data-widget_type=\"image.default\">\n\t\t\t\t\t\t\t\t\t\t\t\t\t\t\t\t<a href=\"http:\/\/wildtierschutz.org\" target=\"_blank\">\n\t\t\t\t\t\t\t<img loading=\"lazy\" decoding=\"async\" width=\"800\" height=\"781\" src=\"https:\/\/www.animaluprising.ch\/wp-content\/uploads\/2026\/05\/WTSS-Fux_pos_adr.png\" class=\"attachment-large size-large wp-image-2289\" alt=\"\" srcset=\"https:\/\/www.animaluprising.ch\/wp-content\/uploads\/2026\/05\/WTSS-Fux_pos_adr.png 847w, https:\/\/www.animaluprising.ch\/wp-content\/uploads\/2026\/05\/WTSS-Fux_pos_adr-300x293.png 300w, https:\/\/www.animaluprising.ch\/wp-content\/uploads\/2026\/05\/WTSS-Fux_pos_adr-768x750.png 768w\" sizes=\"(max-width: 800px) 100vw, 800px\" \/>\t\t\t\t\t\t\t\t<\/a>\n\t\t\t\t\t\t\t\t\t\t\t\t\t\t\t<\/div>\n\t\t\t\t<\/div>\n\t\t<div class=\"elementor-element elementor-element-e6f08a9 e-con-full e-flex e-con e-child\" data-id=\"e6f08a9\" data-element_type=\"container\" data-e-type=\"container\" data-settings=\"{&quot;background_background&quot;:&quot;classic&quot;}\">\n\t\t\t\t<\/div>\n\t\t\t\t<\/div>\n\t\t\t\t<div class=\"elementor-element elementor-element-96bfd21 elementor-widget elementor-widget-heading\" data-id=\"96bfd21\" data-element_type=\"widget\" data-e-type=\"widget\" data-widget_type=\"heading.default\">\n\t\t\t\t\t<h2 class=\"elementor-heading-title elementor-size-default\">Sostenitori<\/h2>\t\t\t\t<\/div>\n\t\t<div class=\"elementor-element elementor-element-5939731 e-con-full e-flex e-con e-child\" data-id=\"5939731\" data-element_type=\"container\" data-e-type=\"container\">\n\t\t<div class=\"elementor-element elementor-element-6ae1777 e-con-full e-flex e-con e-child\" data-id=\"6ae1777\" data-element_type=\"container\" data-e-type=\"container\" data-settings=\"{&quot;background_background&quot;:&quot;classic&quot;}\">\n\t\t\t\t<div class=\"elementor-element elementor-element-e4a5ad0 elementor-widget elementor-widget-heading\" data-id=\"e4a5ad0\" data-element_type=\"widget\" data-e-type=\"widget\" data-widget_type=\"heading.default\">\n\t\t\t\t\t<h2 class=\"elementor-heading-title elementor-size-default\">Organizzazioni<\/h2>\t\t\t\t<\/div>\n\t\t\t\t<div class=\"elementor-element elementor-element-58b4e98 elementor-widget elementor-widget-text-editor\" data-id=\"58b4e98\" data-element_type=\"widget\" data-e-type=\"widget\" data-widget_type=\"text-editor.default\">\n\t\t\t\t\t\t\t\t\t<p>Che sostengono le nostre idee e il nostro lavoro<\/p>\t\t\t\t\t\t\t\t<\/div>\n\t\t\t\t<div class=\"elementor-element elementor-element-f2ba26a elementor-widget elementor-widget-text-editor\" data-id=\"f2ba26a\" data-element_type=\"widget\" data-e-type=\"widget\" data-widget_type=\"text-editor.default\">\n\t\t\t\t\t\t\t\t\t<p><a href=\"https:\/\/vegara.ch\/catering\/\" target=\"_blank\" rel=\"noopener\">CH\u00c9 VEGARA GmbH <\/a><br>catering vegano e rivoluzionario<\/p>\t\t\t\t\t\t\t\t<\/div>\n\t\t\t\t<\/div>\n\t\t<div class=\"elementor-element elementor-element-d5a0fae e-con-full e-flex e-con e-child\" data-id=\"d5a0fae\" data-element_type=\"container\" data-e-type=\"container\" data-settings=\"{&quot;background_background&quot;:&quot;classic&quot;}\">\n\t\t\t\t<div class=\"elementor-element elementor-element-992358b elementor-widget elementor-widget-heading\" data-id=\"992358b\" data-element_type=\"widget\" data-e-type=\"widget\" data-widget_type=\"heading.default\">\n\t\t\t\t\t<h2 class=\"elementor-heading-title elementor-size-default\">Lotteria<\/h2>\t\t\t\t<\/div>\n\t\t\t\t<div class=\"elementor-element elementor-element-865a17b elementor-widget elementor-widget-text-editor\" data-id=\"865a17b\" data-element_type=\"widget\" data-e-type=\"widget\" data-widget_type=\"text-editor.default\">\n\t\t\t\t\t\t\t\t\t<p>Donatori dei premi per la nostra tombola della serata conclusiva.<\/p>\t\t\t\t\t\t\t\t<\/div>\n\t\t\t\t<\/div>\n\t\t\t\t<\/div>\n\t\t\t\t<div class=\"elementor-element elementor-element-0515ca9 elementor-widget elementor-widget-heading\" data-id=\"0515ca9\" data-element_type=\"widget\" data-e-type=\"widget\" data-widget_type=\"heading.default\">\n\t\t\t\t\t<h2 class=\"elementor-heading-title elementor-size-default\">Raccolta fondi \/ Donazioni<\/h2>\t\t\t\t<\/div>\n\t\t\t\t<div class=\"elementor-element elementor-element-b0c7181 elementor-widget elementor-widget-text-editor\" data-id=\"b0c7181\" data-element_type=\"widget\" data-e-type=\"widget\" data-widget_type=\"text-editor.default\">\n\t\t\t\t\t\t\t\t\t<p>Con la vostra donazione ci aiutate a proteggere gli animali, a rendere visibili le ingiustizie e a impegnarci con tutte le nostre forze per un futuro pi\u00f9 giusto. Ogni contributo, piccolo o grande, fa davvero la differenza. Insieme possiamo fare la differenza.  <\/p>\t\t\t\t\t\t\t\t<\/div>\n\t\t\t\t\t<\/div>\n\t\t\t\t<\/div>\n\t\t\t\t<\/div>\n\t\t","protected":false},"excerpt":{"rendered":"<p>Giustizia \u2013 Per tutti! La Animal Uprising Week vive dell\u2019impegno di molti. Numerosi attivisti, organizzazioni e santuari da tutta la Svizzera realizzano le proprie azioni, performance e stand informativi \u2013 o supportano la loro realizzazione. Un enorme ringraziamento va a tutti coloro che, con idee, tempo, energia e risorse, contribuiscono a rendere questa settimana colorata, [&hellip;]<\/p>\n","protected":false},"author":1,"featured_media":0,"parent":0,"menu_order":0,"comment_status":"closed","ping_status":"closed","template":"","meta":{"_acf_changed":false,"footnotes":""},"class_list":["post-2280","page","type-page","status-publish","hentry"],"acf":{"veranstaltungsdatum":null,"zeit":null,"veranstaltungsart_select":false},"_links":{"self":[{"href":"https:\/\/www.animaluprising.ch\/it\/wp-json\/wp\/v2\/pages\/2280","targetHints":{"allow":["GET"]}}],"collection":[{"href":"https:\/\/www.animaluprising.ch\/it\/wp-json\/wp\/v2\/pages"}],"about":[{"href":"https:\/\/www.animaluprising.ch\/it\/wp-json\/wp\/v2\/types\/page"}],"author":[{"embeddable":true,"href":"https:\/\/www.animaluprising.ch\/it\/wp-json\/wp\/v2\/users\/1"}],"replies":[{"embeddable":true,"href":"https:\/\/www.animaluprising.ch\/it\/wp-json\/wp\/v2\/comments?post=2280"}],"version-history":[{"count":8,"href":"https:\/\/www.animaluprising.ch\/it\/wp-json\/wp\/v2\/pages\/2280\/revisions"}],"predecessor-version":[{"id":2405,"href":"https:\/\/www.animaluprising.ch\/it\/wp-json\/wp\/v2\/pages\/2280\/revisions\/2405"}],"wp:attachment":[{"href":"https:\/\/www.animaluprising.ch\/it\/wp-json\/wp\/v2\/media?parent=2280"}],"curies":[{"name":"wp","href":"https:\/\/api.w.org\/{rel}","templated":true}]}}