{"id":2279,"date":"2026-05-04T10:55:55","date_gmt":"2026-05-04T10:55:55","guid":{"rendered":"https:\/\/www.animaluprising.ch\/a-propos-de-nous-2026\/"},"modified":"2026-05-06T17:44:45","modified_gmt":"2026-05-06T17:44:45","slug":"a-propos-de-nous-2026","status":"publish","type":"page","link":"https:\/\/www.animaluprising.ch\/fr\/a-propos-de-nous-2026\/","title":{"rendered":"\u00c0 propos de nous 2026"},"content":{"rendered":"\t\t<div data-elementor-type=\"wp-page\" data-elementor-id=\"2279\" class=\"elementor elementor-2279 elementor-2275\" data-elementor-post-type=\"page\">\n\t\t\t\t<div class=\"elementor-element elementor-element-cb8aa57 e-flex e-con-boxed e-con e-parent\" data-id=\"cb8aa57\" data-element_type=\"container\" data-e-type=\"container\" data-settings=\"{&quot;background_background&quot;:&quot;classic&quot;}\">\n\t\t\t\t\t<div class=\"e-con-inner\">\n\t\t\t\t<div class=\"elementor-element elementor-element-7610625 elementor-widget elementor-widget-heading\" data-id=\"7610625\" data-element_type=\"widget\" data-e-type=\"widget\" data-widget_type=\"heading.default\">\n\t\t\t\t\t<h2 class=\"elementor-heading-title elementor-size-default\">Justice - Pour Tous !<\/h2>\t\t\t\t<\/div>\n\t\t\t\t<div class=\"elementor-element elementor-element-b253088 elementor-widget elementor-widget-text-editor\" data-id=\"b253088\" data-element_type=\"widget\" data-e-type=\"widget\" data-widget_type=\"text-editor.default\">\n\t\t\t\t\t\t\t\t\t<p>L&rsquo;Animal Uprising Week vit de l&rsquo;engagement de nombreuses personnes. De nombreux <strong>activistes, organisations<\/strong> et <strong>fermes p\u00e9dagogiques<\/strong> de toute la Suisse <strong>con\u00e7oivent<\/strong> leurs propres <strong>actions, performances<\/strong> et <strong>stands d&rsquo;information<\/strong> \u2013 ou aident \u00e0 leur r\u00e9alisation. <\/p><p>Un immense merci \u00e0 tous ceux qui contribuent, par leurs id\u00e9es, leur temps, leur \u00e9nergie et leurs moyens, \u00e0 rendre cette semaine color\u00e9e, vari\u00e9e et visible. Merci \u00e9galement parce que, gr\u00e2ce \u00e0 votre engagement, votre passion et votre solidarit\u00e9, vous vous engagez chaque jour pour que ce monde devienne un peu plus juste pour tous les \u00eatres vivants.  <strong>Merci !<\/strong><\/p><p>Nous tenons \u00e9galement \u00e0 remercier chaleureusement nos sponsors qui nous soutiennent par des dons mat\u00e9riels pour la tombola ou par un soutien financier.<\/p><h2 style=\"text-align: left;\">\u00c0 propos<\/h2><p>Le comit\u00e9 d&rsquo;organisation de l&rsquo;Animal Uprising Week est compos\u00e9 de huit personnes engag\u00e9es issues de diff\u00e9rentes organisations de d\u00e9fense des droits des animaux et de groupes d&rsquo;action de toute la Suisse. Nous coordonnons, mettons en r\u00e9seau et rendons visibles \u00e0 l&rsquo;ext\u00e9rieur les actions regroup\u00e9es \u00e0 l&rsquo;avance via notre site web et nos canaux de m\u00e9dias sociaux \u2013 afin que le message commun soit entendu haut et fort : <strong>Animal Uprising \u2013 Justice \u2013 Pour Tous !<\/strong> <\/p><h2>Sensibilisation et directives<\/h2><p>Afin que chacun se sente \u00e0 l&rsquo;aise et que nos valeurs restent perceptibles dans nos interactions, une \u00e9quipe de sensibilisation est pr\u00e9sente pendant toute la semaine.<br>Elle veille \u00e0 ce que nos <a href=\"https:\/\/www.animaluprising.ch\/fr\/lignes-directrices-2026\/\">directives<\/a> soient respect\u00e9es et est \u00e0 disposition pour des entretiens et un soutien.<\/p><ul><li>Contact : <a href=\"mailto:awareness@animaluprising.ch\">awareness@animaluprising.ch<\/a><\/li><\/ul><p>Vous pouvez nous contacter ici si vous avez v\u00e9cu ou observ\u00e9 quelque chose qui vous a paru difficile ou qui enfreint nos <a href=\"https:\/\/www.animaluprising.ch\/fr\/lignes-directrices-2026\/\">directives<\/a>.<br>Nos <a href=\"https:\/\/www.animaluprising.ch\/fr\/lignes-directrices-2026\/\">directives<\/a> font partie int\u00e9grante de l&rsquo;Animal Uprising Week. Tous ceux qui y participent de quelque mani\u00e8re que ce soit s&rsquo;engagent \u00e0 respecter les <a href=\"https:\/\/www.animaluprising.ch\/fr\/lignes-directrices-2026\/\">directives<\/a>. <\/p>\t\t\t\t\t\t\t\t<\/div>\n\t\t\t\t<div class=\"elementor-element elementor-element-dbfa48a elementor-widget elementor-widget-image\" data-id=\"dbfa48a\" data-element_type=\"widget\" data-e-type=\"widget\" data-widget_type=\"image.default\">\n\t\t\t\t\t\t\t\t\t\t\t\t\t\t\t<img fetchpriority=\"high\" decoding=\"async\" width=\"800\" height=\"234\" src=\"https:\/\/www.animaluprising.ch\/wp-content\/uploads\/2026\/05\/Team_Illus_2026-01-1024x299.png\" class=\"attachment-large size-large wp-image-2291\" alt=\"\" srcset=\"https:\/\/www.animaluprising.ch\/wp-content\/uploads\/2026\/05\/Team_Illus_2026-01-1024x299.png 1024w, https:\/\/www.animaluprising.ch\/wp-content\/uploads\/2026\/05\/Team_Illus_2026-01-300x88.webp 300w, https:\/\/www.animaluprising.ch\/wp-content\/uploads\/2026\/05\/Team_Illus_2026-01-768x224.png 768w, https:\/\/www.animaluprising.ch\/wp-content\/uploads\/2026\/05\/Team_Illus_2026-01-1536x448.png 1536w, https:\/\/www.animaluprising.ch\/wp-content\/uploads\/2026\/05\/Team_Illus_2026-01.webp 1920w\" sizes=\"(max-width: 800px) 100vw, 800px\" \/>\t\t\t\t\t\t\t\t\t\t\t\t\t\t\t<\/div>\n\t\t\t\t<div class=\"elementor-element elementor-element-1b957fb elementor-widget elementor-widget-heading\" data-id=\"1b957fb\" data-element_type=\"widget\" data-e-type=\"widget\" data-widget_type=\"heading.default\">\n\t\t\t\t\t<h2 class=\"elementor-heading-title elementor-size-default\">Soutiens de l'Animal Uprising Week<\/h2>\t\t\t\t<\/div>\n\t\t<div class=\"elementor-element elementor-element-493fd10 e-con-full e-flex e-con e-child\" data-id=\"493fd10\" data-element_type=\"container\" data-e-type=\"container\">\n\t\t<div class=\"elementor-element elementor-element-5610b43 e-con-full e-flex e-con e-child\" data-id=\"5610b43\" data-element_type=\"container\" data-e-type=\"container\" data-settings=\"{&quot;background_background&quot;:&quot;classic&quot;}\">\n\t\t<div class=\"elementor-element elementor-element-17605cd e-con-full e-flex e-con e-child\" data-id=\"17605cd\" data-element_type=\"container\" data-e-type=\"container\" data-settings=\"{&quot;background_background&quot;:&quot;classic&quot;}\">\n\t\t\t\t<div class=\"elementor-element elementor-element-ff00348 elementor-widget elementor-widget-image\" data-id=\"ff00348\" data-element_type=\"widget\" data-e-type=\"widget\" data-widget_type=\"image.default\">\n\t\t\t\t\t\t\t\t\t\t\t\t\t\t\t\t<a href=\"https:\/\/www.atra.info\/index.php\/it\/\" target=\"_blank\">\n\t\t\t\t\t\t\t<img decoding=\"async\" width=\"800\" height=\"788\" src=\"https:\/\/www.animaluprising.ch\/wp-content\/uploads\/2025\/09\/ATRA-01-1024x1008.png\" class=\"attachment-large size-large wp-image-1232\" alt=\"\" srcset=\"https:\/\/www.animaluprising.ch\/wp-content\/uploads\/2025\/09\/ATRA-01-1024x1008.png 1024w, https:\/\/www.animaluprising.ch\/wp-content\/uploads\/2025\/09\/ATRA-01-300x295.png 300w, https:\/\/www.animaluprising.ch\/wp-content\/uploads\/2025\/09\/ATRA-01-768x756.png 768w, https:\/\/www.animaluprising.ch\/wp-content\/uploads\/2025\/09\/ATRA-01.png 1286w\" sizes=\"(max-width: 800px) 100vw, 800px\" \/>\t\t\t\t\t\t\t\t<\/a>\n\t\t\t\t\t\t\t\t\t\t\t\t\t\t\t<\/div>\n\t\t\t\t<\/div>\n\t\t\t\t<\/div>\n\t\t<div class=\"elementor-element elementor-element-4676a1d e-con-full e-flex e-con e-child\" data-id=\"4676a1d\" data-element_type=\"container\" data-e-type=\"container\" data-settings=\"{&quot;background_background&quot;:&quot;classic&quot;}\">\n\t\t\t\t<div class=\"elementor-element elementor-element-380e4f5 elementor-widget elementor-widget-image\" data-id=\"380e4f5\" data-element_type=\"widget\" data-e-type=\"widget\" data-widget_type=\"image.default\">\n\t\t\t\t\t\t\t\t\t\t\t\t\t\t\t\t<a href=\"https:\/\/tierimfokus.ch\" target=\"_blank\">\n\t\t\t\t\t\t\t<img decoding=\"async\" width=\"800\" height=\"800\" src=\"https:\/\/www.animaluprising.ch\/wp-content\/uploads\/2025\/09\/TIF_Logo_Button.webp\" class=\"attachment-large size-large wp-image-1223\" alt=\"\" \/>\t\t\t\t\t\t\t\t<\/a>\n\t\t\t\t\t\t\t\t\t\t\t\t\t\t\t<\/div>\n\t\t\t\t<\/div>\n\t\t<div class=\"elementor-element elementor-element-b73d097 e-con-full e-flex e-con e-child\" data-id=\"b73d097\" data-element_type=\"container\" data-e-type=\"container\" data-settings=\"{&quot;background_background&quot;:&quot;classic&quot;}\">\n\t\t\t\t<div class=\"elementor-element elementor-element-aab5131 elementor-widget elementor-widget-image\" data-id=\"aab5131\" data-element_type=\"widget\" data-e-type=\"widget\" data-widget_type=\"image.default\">\n\t\t\t\t\t\t\t\t\t\t\t\t\t\t\t\t<a href=\"https:\/\/www.facebook.com\/p\/Stadttaubenhilfe-Sankt-Gallen-61576875104481\/\" target=\"_blank\">\n\t\t\t\t\t\t\t<img loading=\"lazy\" decoding=\"async\" width=\"800\" height=\"792\" src=\"https:\/\/www.animaluprising.ch\/wp-content\/uploads\/2025\/09\/Stadttauben_St-gallen.webp\" class=\"attachment-large size-large wp-image-1255\" alt=\"\" \/>\t\t\t\t\t\t\t\t<\/a>\n\t\t\t\t\t\t\t\t\t\t\t\t\t\t\t<\/div>\n\t\t\t\t<\/div>\n\t\t<div class=\"elementor-element elementor-element-31cdef3 e-con-full e-flex e-con e-child\" data-id=\"31cdef3\" data-element_type=\"container\" data-e-type=\"container\" data-settings=\"{&quot;background_background&quot;:&quot;classic&quot;}\">\n\t\t\t\t<div class=\"elementor-element elementor-element-c1b6e65 elementor-widget elementor-widget-image\" data-id=\"c1b6e65\" data-element_type=\"widget\" data-e-type=\"widget\" data-widget_type=\"image.default\">\n\t\t\t\t\t\t\t\t\t\t\t\t\t\t\t\t<a href=\"http:\/\/wildtierschutz.org\" target=\"_blank\">\n\t\t\t\t\t\t\t<img loading=\"lazy\" decoding=\"async\" width=\"800\" height=\"781\" src=\"https:\/\/www.animaluprising.ch\/wp-content\/uploads\/2026\/05\/WTSS-Fux_pos_adr.png\" class=\"attachment-large size-large wp-image-2292\" alt=\"\" srcset=\"https:\/\/www.animaluprising.ch\/wp-content\/uploads\/2026\/05\/WTSS-Fux_pos_adr.png 847w, https:\/\/www.animaluprising.ch\/wp-content\/uploads\/2026\/05\/WTSS-Fux_pos_adr-300x293.png 300w, https:\/\/www.animaluprising.ch\/wp-content\/uploads\/2026\/05\/WTSS-Fux_pos_adr-768x750.png 768w\" sizes=\"(max-width: 800px) 100vw, 800px\" \/>\t\t\t\t\t\t\t\t<\/a>\n\t\t\t\t\t\t\t\t\t\t\t\t\t\t\t<\/div>\n\t\t\t\t<\/div>\n\t\t<div class=\"elementor-element elementor-element-e6f08a9 e-con-full e-flex e-con e-child\" data-id=\"e6f08a9\" data-element_type=\"container\" data-e-type=\"container\" data-settings=\"{&quot;background_background&quot;:&quot;classic&quot;}\">\n\t\t\t\t<\/div>\n\t\t\t\t<\/div>\n\t\t\t\t<div class=\"elementor-element elementor-element-96bfd21 elementor-widget elementor-widget-heading\" data-id=\"96bfd21\" data-element_type=\"widget\" data-e-type=\"widget\" data-widget_type=\"heading.default\">\n\t\t\t\t\t<h2 class=\"elementor-heading-title elementor-size-default\">Partenaires<\/h2>\t\t\t\t<\/div>\n\t\t<div class=\"elementor-element elementor-element-5939731 e-con-full e-flex e-con e-child\" data-id=\"5939731\" data-element_type=\"container\" data-e-type=\"container\">\n\t\t<div class=\"elementor-element elementor-element-6ae1777 e-con-full e-flex e-con e-child\" data-id=\"6ae1777\" data-element_type=\"container\" data-e-type=\"container\" data-settings=\"{&quot;background_background&quot;:&quot;classic&quot;}\">\n\t\t\t\t<div class=\"elementor-element elementor-element-e4a5ad0 elementor-widget elementor-widget-heading\" data-id=\"e4a5ad0\" data-element_type=\"widget\" data-e-type=\"widget\" data-widget_type=\"heading.default\">\n\t\t\t\t\t<h2 class=\"elementor-heading-title elementor-size-default\">Organisations<\/h2>\t\t\t\t<\/div>\n\t\t\t\t<div class=\"elementor-element elementor-element-58b4e98 elementor-widget elementor-widget-text-editor\" data-id=\"58b4e98\" data-element_type=\"widget\" data-e-type=\"widget\" data-widget_type=\"text-editor.default\">\n\t\t\t\t\t\t\t\t\t<p>Qui soutiennent nos id\u00e9es et notre travail<\/p>\t\t\t\t\t\t\t\t<\/div>\n\t\t\t\t<div class=\"elementor-element elementor-element-f2ba26a elementor-widget elementor-widget-text-editor\" data-id=\"f2ba26a\" data-element_type=\"widget\" data-e-type=\"widget\" data-widget_type=\"text-editor.default\">\n\t\t\t\t\t\t\t\t\t<p><a href=\"https:\/\/vegara.ch\/catering\/\" target=\"_blank\" rel=\"noopener\">CH\u00c9 VEGARA GmbH <\/a><br>traiteur v\u00e9gan &amp; r\u00e9volutionnaire<\/p>\t\t\t\t\t\t\t\t<\/div>\n\t\t\t\t<\/div>\n\t\t<div class=\"elementor-element elementor-element-d5a0fae e-con-full e-flex e-con e-child\" data-id=\"d5a0fae\" data-element_type=\"container\" data-e-type=\"container\" data-settings=\"{&quot;background_background&quot;:&quot;classic&quot;}\">\n\t\t\t\t<div class=\"elementor-element elementor-element-992358b elementor-widget elementor-widget-heading\" data-id=\"992358b\" data-element_type=\"widget\" data-e-type=\"widget\" data-widget_type=\"heading.default\">\n\t\t\t\t\t<h2 class=\"elementor-heading-title elementor-size-default\">Tombola<\/h2>\t\t\t\t<\/div>\n\t\t\t\t<div class=\"elementor-element elementor-element-865a17b elementor-widget elementor-widget-text-editor\" data-id=\"865a17b\" data-element_type=\"widget\" data-e-type=\"widget\" data-widget_type=\"text-editor.default\">\n\t\t\t\t\t\t\t\t\t<p>Donateur\u00b7rice\u00b7s de prix pour notre tombola lors de la soir\u00e9e de cl\u00f4ture.<\/p>\t\t\t\t\t\t\t\t<\/div>\n\t\t\t\t<\/div>\n\t\t\t\t<\/div>\n\t\t\t\t<div class=\"elementor-element elementor-element-0515ca9 elementor-widget elementor-widget-heading\" data-id=\"0515ca9\" data-element_type=\"widget\" data-e-type=\"widget\" data-widget_type=\"heading.default\">\n\t\t\t\t\t<h2 class=\"elementor-heading-title elementor-size-default\">Collecte de fonds \/ Dons<\/h2>\t\t\t\t<\/div>\n\t\t\t\t<div class=\"elementor-element elementor-element-b0c7181 elementor-widget elementor-widget-text-editor\" data-id=\"b0c7181\" data-element_type=\"widget\" data-e-type=\"widget\" data-widget_type=\"text-editor.default\">\n\t\t\t\t\t\t\t\t\t<p>Avec votre don \/ soutien, vous nous aidez \u00e0 faire de l\u2019Animal Uprising Week un succ\u00e8s. Ensemble, nous pouvons faire la diff\u00e9rence. <\/p><p><strong>Compte de dons :<\/strong><br><strong>IBAN :<\/strong> CH19 0900 0000 3003 7815 2<br><strong>Contact :<\/strong> Tier im Fokus, 3001 Berne<br><strong>Objet :<\/strong> Animal Uprising Week<\/p><p><a href=\"http:\/\/www.animaluprising.ch\/wp-content\/uploads\/2026\/05\/Fundraising-Dossier-2026.pdf\" target=\"_blank\" rel=\"noopener\">Dossier de collecte de fonds<\/a><br><a href=\"http:\/\/www.animaluprising.ch\/wp-content\/uploads\/2026\/05\/Rueckblick-Dossier-2026.pdf\" target=\"_blank\" rel=\"noopener\">R\u00e9trospective 2025<\/a><\/p><p>Contact :<br><a href=\"mailto:info@animaluprising.ch\">info@animaluprising.ch<\/a><\/p>\t\t\t\t\t\t\t\t<\/div>\n\t\t\t\t\t<\/div>\n\t\t\t\t<\/div>\n\t\t\t\t<\/div>\n\t\t","protected":false},"excerpt":{"rendered":"<p>Justice \u2013 Pour Tous ! L&rsquo;Animal Uprising Week vit de l&rsquo;engagement de nombreuses personnes. De nombreux activistes, organisations et fermes p\u00e9dagogiques de toute la Suisse con\u00e7oivent leurs propres actions, performances et stands d&rsquo;information \u2013 ou aident \u00e0 leur r\u00e9alisation. Un immense merci \u00e0 tous ceux qui contribuent, par leurs id\u00e9es, leur temps, leur \u00e9nergie et [&hellip;]<\/p>\n","protected":false},"author":1,"featured_media":0,"parent":0,"menu_order":0,"comment_status":"closed","ping_status":"closed","template":"","meta":{"_acf_changed":false,"footnotes":""},"class_list":["post-2279","page","type-page","status-publish","hentry"],"acf":{"veranstaltungsdatum":null,"zeit":null,"veranstaltungsart_select":false},"_links":{"self":[{"href":"https:\/\/www.animaluprising.ch\/fr\/wp-json\/wp\/v2\/pages\/2279","targetHints":{"allow":["GET"]}}],"collection":[{"href":"https:\/\/www.animaluprising.ch\/fr\/wp-json\/wp\/v2\/pages"}],"about":[{"href":"https:\/\/www.animaluprising.ch\/fr\/wp-json\/wp\/v2\/types\/page"}],"author":[{"embeddable":true,"href":"https:\/\/www.animaluprising.ch\/fr\/wp-json\/wp\/v2\/users\/1"}],"replies":[{"embeddable":true,"href":"https:\/\/www.animaluprising.ch\/fr\/wp-json\/wp\/v2\/comments?post=2279"}],"version-history":[{"count":9,"href":"https:\/\/www.animaluprising.ch\/fr\/wp-json\/wp\/v2\/pages\/2279\/revisions"}],"predecessor-version":[{"id":2422,"href":"https:\/\/www.animaluprising.ch\/fr\/wp-json\/wp\/v2\/pages\/2279\/revisions\/2422"}],"wp:attachment":[{"href":"https:\/\/www.animaluprising.ch\/fr\/wp-json\/wp\/v2\/media?parent=2279"}],"curies":[{"name":"wp","href":"https:\/\/api.w.org\/{rel}","templated":true}]}}