{"id":1117,"date":"2025-09-18T09:44:27","date_gmt":"2025-09-18T09:44:27","guid":{"rendered":"https:\/\/www.animaluprising.ch\/lignes-directrices\/"},"modified":"2025-10-02T15:12:17","modified_gmt":"2025-10-02T15:12:17","slug":"lignes-directrices","status":"publish","type":"page","link":"https:\/\/www.animaluprising.ch\/fr\/lignes-directrices\/","title":{"rendered":"Lignes directrices"},"content":{"rendered":"\t\t<div data-elementor-type=\"wp-page\" data-elementor-id=\"1117\" class=\"elementor elementor-1117 elementor-346\" data-elementor-post-type=\"page\">\n\t\t\t\t<div class=\"elementor-element elementor-element-76aacb1 e-flex e-con-boxed e-con e-parent\" data-id=\"76aacb1\" data-element_type=\"container\" data-e-type=\"container\">\n\t\t\t\t\t<div class=\"e-con-inner\">\n\t\t\t\t<div class=\"elementor-element elementor-element-192880b elementor-widget elementor-widget-heading\" data-id=\"192880b\" data-element_type=\"widget\" data-e-type=\"widget\" data-widget_type=\"heading.default\">\n\t\t\t\t\t<h2 class=\"elementor-heading-title elementor-size-default\">Lignes directrices pour l\u2019Animal Uprising Week<\/h2>\t\t\t\t<\/div>\n\t\t\t\t<div class=\"elementor-element elementor-element-9ecbebd elementor-widget elementor-widget-heading\" data-id=\"9ecbebd\" data-element_type=\"widget\" data-e-type=\"widget\" data-widget_type=\"heading.default\">\n\t\t\t\t\t<h3 class=\"elementor-heading-title elementor-size-default\">1. Valeurs fondamentales et principes<\/h3>\t\t\t\t<\/div>\n\t\t\t\t<div class=\"elementor-element elementor-element-c25a816 elementor-widget elementor-widget-text-editor\" data-id=\"c25a816\" data-element_type=\"widget\" data-e-type=\"widget\" data-widget_type=\"text-editor.default\">\n\t\t\t\t\t\t\t\t\t<ul>\n \t<li style=\"font-weight: 400;\" aria-level=\"1\">Nous d\u00e9fendons le droit <b>\u00e0 la vie, \u00e0 la libert\u00e9 et \u00e0 l\u2019int\u00e9grit\u00e9 de tous les \u00eatres sensibles<\/b><span style=\"font-weight: 400;\">.<\/span><\/li>\n \t<li style=\"font-weight: 400;\" aria-level=\"1\"><b>L\u2019antisp\u00e9cisme<\/b><span style=\"font-weight: 400;\"> est \u00e0 la base de toutes nos actions : nous nous opposons \u00e0 toute forme d\u2019exploitation animale.<\/span><\/li>\n<\/ul>\t\t\t\t\t\t\t\t<\/div>\n\t\t\t\t<div class=\"elementor-element elementor-element-d3c886e elementor-widget-divider--view-line elementor-widget elementor-widget-divider\" data-id=\"d3c886e\" data-element_type=\"widget\" data-e-type=\"widget\" data-widget_type=\"divider.default\">\n\t\t\t\t\t\t\t<div class=\"elementor-divider\">\n\t\t\t<span class=\"elementor-divider-separator\">\n\t\t\t\t\t\t<\/span>\n\t\t<\/div>\n\t\t\t\t\t\t<\/div>\n\t\t\t\t<div class=\"elementor-element elementor-element-924a802 elementor-widget elementor-widget-heading\" data-id=\"924a802\" data-element_type=\"widget\" data-e-type=\"widget\" data-widget_type=\"heading.default\">\n\t\t\t\t\t<h3 class=\"elementor-heading-title elementor-size-default\">2. Alimentation<\/h3>\t\t\t\t<\/div>\n\t\t\t\t<div class=\"elementor-element elementor-element-ad069c7 elementor-widget elementor-widget-text-editor\" data-id=\"ad069c7\" data-element_type=\"widget\" data-e-type=\"widget\" data-widget_type=\"text-editor.default\">\n\t\t\t\t\t\t\t\t\t<ul>\n \t<li style=\"font-weight: 400;\" aria-level=\"1\"><span style=\"font-weight: 400;\">Toute la semaine est <b>v\u00e9gane<\/b>.\n\u2192 Lors des actions, stands d\u2019information ou rencontres de r\u00e9seautage, la nourriture ne contiendra <b>aucun produit d\u2019origine animale<\/b>.\t\t\t\t\t\t\t\t<\/div>\n\t\t\t\t<div class=\"elementor-element elementor-element-973da6b elementor-widget-divider--view-line elementor-widget elementor-widget-divider\" data-id=\"973da6b\" data-element_type=\"widget\" data-e-type=\"widget\" data-widget_type=\"divider.default\">\n\t\t\t\t\t\t\t<div class=\"elementor-divider\">\n\t\t\t<span class=\"elementor-divider-separator\">\n\t\t\t\t\t\t<\/span>\n\t\t<\/div>\n\t\t\t\t\t\t<\/div>\n\t\t\t\t<div class=\"elementor-element elementor-element-744f861 elementor-widget elementor-widget-heading\" data-id=\"744f861\" data-element_type=\"widget\" data-e-type=\"widget\" data-widget_type=\"heading.default\">\n\t\t\t\t\t<h3 class=\"elementor-heading-title elementor-size-default\">3. Respect et ouverture<\/h3>\t\t\t\t<\/div>\n\t\t\t\t<div class=\"elementor-element elementor-element-2c64590 elementor-widget elementor-widget-text-editor\" data-id=\"2c64590\" data-element_type=\"widget\" data-e-type=\"widget\" data-widget_type=\"text-editor.default\">\n\t\t\t\t\t\t\t\t\t<ul style=\"background-image: none; font-size: 22.4px;\"><li style=\"background-image: none; font-size: 22.4px;\" aria-level=\"1\">La semaine d\u2019action est ouverte \u00e0 toute personne souhaitant \u2013 <b>s\u2019engager pour les animaux, ind\u00e9pendamment de son mode de vie ou de son exp\u00e9rience.<\/b><br>\u2192 M\u00eame les personnes qui ne vivent pas enti\u00e8rement de mani\u00e8re v\u00e9gane sont les bienvenues, \u2013 <b>\u00e0 condition de respecter les lignes directrices pendant la semaine.<\/b><\/li><\/ul>\t\t\t\t\t\t\t\t<\/div>\n\t\t\t\t<div class=\"elementor-element elementor-element-4fa53b3 elementor-widget-divider--view-line elementor-widget elementor-widget-divider\" data-id=\"4fa53b3\" data-element_type=\"widget\" data-e-type=\"widget\" data-widget_type=\"divider.default\">\n\t\t\t\t\t\t\t<div class=\"elementor-divider\">\n\t\t\t<span class=\"elementor-divider-separator\">\n\t\t\t\t\t\t<\/span>\n\t\t<\/div>\n\t\t\t\t\t\t<\/div>\n\t\t\t\t<div class=\"elementor-element elementor-element-7f45003 elementor-widget elementor-widget-heading\" data-id=\"7f45003\" data-element_type=\"widget\" data-e-type=\"widget\" data-widget_type=\"heading.default\">\n\t\t\t\t\t<h3 class=\"elementor-heading-title elementor-size-default\">4. Non-discrimination\n<\/h3>\t\t\t\t<\/div>\n\t\t\t\t<div class=\"elementor-element elementor-element-732b13d elementor-widget elementor-widget-text-editor\" data-id=\"732b13d\" data-element_type=\"widget\" data-e-type=\"widget\" data-widget_type=\"text-editor.default\">\n\t\t\t\t\t\t\t\t\t<ul style=\"background-image: none; font-size: 22.4px;\"><li style=\"background-image: none; font-size: 22.4px;\" aria-level=\"1\">Dans nos espaces et lors de nos actions, <b>il n\u2019y a pas de place pour la discrimination :<\/b> nous nous opposons activement au racisme, sexisme, homo-, trans- et queerphobie, validisme, racisme antimusulman, antis\u00e9mitisme, fascisme, grossophobie, classisme, discrimination li\u00e9e \u00e0 l\u2019\u00e2ge et sp\u00e9cisme.<\/li><li style=\"background-image: none; font-size: 22.4px;\" aria-level=\"1\">Nous entretenons un comportement <b>solidaire et respectueux entre nous et ne tol\u00e9rons aucun comportement intrusif ou violent.<\/b><\/li><li style=\"background-image: none; font-size: 22.4px;\" aria-level=\"1\">Si vous subissez ou observez un comportement discriminatoire durant la Animal Uprising Week, contactez l\u2019\u00e9quipe awareness \u2014 sur place (en nous parlant directement) ou, si personne n\u2019est disponible, par e-mail \u00e0 <b>\n  <a href=\"mailto:awareness@animaluprising.ch\">awareness@animaluprising.ch.<\/a>\n<\/b> Les signalements seront trait\u00e9s de mani\u00e8re confidentielle et nous nous en occuperons. <\/li><\/ul>\t\t\t\t\t\t\t\t<\/div>\n\t\t\t\t<div class=\"elementor-element elementor-element-d42317e elementor-widget-divider--view-line elementor-widget elementor-widget-divider\" data-id=\"d42317e\" data-element_type=\"widget\" data-e-type=\"widget\" data-widget_type=\"divider.default\">\n\t\t\t\t\t\t\t<div class=\"elementor-divider\">\n\t\t\t<span class=\"elementor-divider-separator\">\n\t\t\t\t\t\t<\/span>\n\t\t<\/div>\n\t\t\t\t\t\t<\/div>\n\t\t\t\t<div class=\"elementor-element elementor-element-912c40c elementor-widget elementor-widget-heading\" data-id=\"912c40c\" data-element_type=\"widget\" data-e-type=\"widget\" data-widget_type=\"heading.default\">\n\t\t\t\t\t<h3 class=\"elementor-heading-title elementor-size-default\">5. Accessibilit\u00e9<\/h3>\t\t\t\t<\/div>\n\t\t\t\t<div class=\"elementor-element elementor-element-dd4d8b6 elementor-widget elementor-widget-text-editor\" data-id=\"dd4d8b6\" data-element_type=\"widget\" data-e-type=\"widget\" data-widget_type=\"text-editor.default\">\n\t\t\t\t\t\t\t\t\t<ul style=\"background-image: none; font-size: 22.4px;\"><li style=\"background-image: none; font-size: 22.4px;\" aria-level=\"1\">Nous nous engageons activement \u00e0 rendre les \u00e9v\u00e9nements et les supports <b>aussi accessibles que possible.<\/b><br>\u2192 Cela concerne la langue, l\u2019accessibilit\u00e9 des lieux, les contenus num\u00e9riques et les formes d\u2019interaction.<br>\u2192 En cas de limitations, nous les communiquerons de mani\u00e8re transparente et chercherons des solutions.<\/li><\/ul>\t\t\t\t\t\t\t\t<\/div>\n\t\t\t\t<div class=\"elementor-element elementor-element-25b4222 elementor-widget-divider--view-line elementor-widget elementor-widget-divider\" data-id=\"25b4222\" data-element_type=\"widget\" data-e-type=\"widget\" data-widget_type=\"divider.default\">\n\t\t\t\t\t\t\t<div class=\"elementor-divider\">\n\t\t\t<span class=\"elementor-divider-separator\">\n\t\t\t\t\t\t<\/span>\n\t\t<\/div>\n\t\t\t\t\t\t<\/div>\n\t\t\t\t<div class=\"elementor-element elementor-element-e8f7557 elementor-widget elementor-widget-heading\" data-id=\"e8f7557\" data-element_type=\"widget\" data-e-type=\"widget\" data-widget_type=\"heading.default\">\n\t\t\t\t\t<h3 class=\"elementor-heading-title elementor-size-default\">6. Orientation la\u00efque<\/h3>\t\t\t\t<\/div>\n\t\t\t\t<div class=\"elementor-element elementor-element-33b456c elementor-widget elementor-widget-text-editor\" data-id=\"33b456c\" data-element_type=\"widget\" data-e-type=\"widget\" data-widget_type=\"text-editor.default\">\n\t\t\t\t\t\t\t\t\t<ul style=\"background-image: none; font-size: 22.4px;\"><li style=\"background-image: none; font-size: 22.4px;\" aria-level=\"1\">Animal Uprising Week <b>n\u2019est affili\u00e9e \u00e0 aucune religion.<\/b><br>\u2192 Les convictions spirituelles ou philosophiques des individus sont respect\u00e9es, \u00e0 condition qu\u2019elles ne soient pas exclusives ou pros\u00e9lytes.<\/li><\/ul>\t\t\t\t\t\t\t\t<\/div>\n\t\t\t\t<div class=\"elementor-element elementor-element-7f5a681 elementor-widget-divider--view-line elementor-widget elementor-widget-divider\" data-id=\"7f5a681\" data-element_type=\"widget\" data-e-type=\"widget\" data-widget_type=\"divider.default\">\n\t\t\t\t\t\t\t<div class=\"elementor-divider\">\n\t\t\t<span class=\"elementor-divider-separator\">\n\t\t\t\t\t\t<\/span>\n\t\t<\/div>\n\t\t\t\t\t\t<\/div>\n\t\t\t\t<div class=\"elementor-element elementor-element-04f909b elementor-widget elementor-widget-heading\" data-id=\"04f909b\" data-element_type=\"widget\" data-e-type=\"widget\" data-widget_type=\"heading.default\">\n\t\t\t\t\t<h3 class=\"elementor-heading-title elementor-size-default\">7. Non-violence et principes d\u00e9mocratiques<\/h3>\t\t\t\t<\/div>\n\t\t\t\t<div class=\"elementor-element elementor-element-1effe6d elementor-widget elementor-widget-text-editor\" data-id=\"1effe6d\" data-element_type=\"widget\" data-e-type=\"widget\" data-widget_type=\"text-editor.default\">\n\t\t\t\t\t\t\t\t\t<ul style=\"background-image: none; font-size: 22.4px;\">\n \t<li style=\"background-image: none; font-size: 22.4px;\" aria-level=\"1\">Nos actions sont <b>non violentes et reposent sur la d\u00e9mocratie et les droits humains.<\/b>\n\u2192 La d\u00e9sob\u00e9issance civile est permise, mais pas la violence physique ni l\u2019incitation \u00e0 la haine envers des personnes ou des groupes.<\/li>\n<\/ul>\t\t\t\t\t\t\t\t<\/div>\n\t\t\t\t<div class=\"elementor-element elementor-element-0f4e52b elementor-widget-divider--view-line elementor-widget elementor-widget-divider\" data-id=\"0f4e52b\" data-element_type=\"widget\" data-e-type=\"widget\" data-widget_type=\"divider.default\">\n\t\t\t\t\t\t\t<div class=\"elementor-divider\">\n\t\t\t<span class=\"elementor-divider-separator\">\n\t\t\t\t\t\t<\/span>\n\t\t<\/div>\n\t\t\t\t\t\t<\/div>\n\t\t\t\t<div class=\"elementor-element elementor-element-bd11192 elementor-widget elementor-widget-heading\" data-id=\"bd11192\" data-element_type=\"widget\" data-e-type=\"widget\" data-widget_type=\"heading.default\">\n\t\t\t\t\t<h3 class=\"elementor-heading-title elementor-size-default\">8. Application coh\u00e9rente<\/h3>\t\t\t\t<\/div>\n\t\t\t\t<div class=\"elementor-element elementor-element-8e15bae elementor-widget elementor-widget-text-editor\" data-id=\"8e15bae\" data-element_type=\"widget\" data-e-type=\"widget\" data-widget_type=\"text-editor.default\">\n\t\t\t\t\t\t\t\t\t<ul style=\"background-image: none; font-size: 22.4px;\"><li style=\"background-image: none; font-size: 22.4px;\" aria-level=\"1\">Toutes les actions men\u00e9es durant la semaine doivent respecter ces lignes directrices.<br>\u2192 Les personnes qui ne les respectent pas <b>peuvent \u00eatre exclues des \u00e9v\u00e9nements.<\/b><\/li><\/ul>\t\t\t\t\t\t\t\t<\/div>\n\t\t\t\t<div class=\"elementor-element elementor-element-762c03b elementor-widget-divider--view-line elementor-widget elementor-widget-divider\" data-id=\"762c03b\" data-element_type=\"widget\" data-e-type=\"widget\" data-widget_type=\"divider.default\">\n\t\t\t\t\t\t\t<div class=\"elementor-divider\">\n\t\t\t<span class=\"elementor-divider-separator\">\n\t\t\t\t\t\t<\/span>\n\t\t<\/div>\n\t\t\t\t\t\t<\/div>\n\t\t\t\t<div class=\"elementor-element elementor-element-c52e1fd elementor-widget elementor-widget-heading\" data-id=\"c52e1fd\" data-element_type=\"widget\" data-e-type=\"widget\" data-widget_type=\"heading.default\">\n\t\t\t\t\t<h3 class=\"elementor-heading-title elementor-size-default\">9. Apprentissage collectif<\/h3>\t\t\t\t<\/div>\n\t\t\t\t<div class=\"elementor-element elementor-element-f3ca310 elementor-widget elementor-widget-text-editor\" data-id=\"f3ca310\" data-element_type=\"widget\" data-e-type=\"widget\" data-widget_type=\"text-editor.default\">\n\t\t\t\t\t\t\t\t\t<ul style=\"background-image: none; font-size: 22.4px;\"><li style=\"background-image: none; font-size: 22.4px;\" aria-level=\"1\">Nous consid\u00e9rons l\u2019activisme comme <b>un processus d\u2019apprentissage collectif.<\/b><br>\u2192 Les erreurs arrivent : ce qui compte, c\u2019est de les aborder <b>de mani\u00e8re ouverte et solidaire, avec la volont\u00e9 de progresser.<\/b> <\/li><\/ul>\t\t\t\t\t\t\t\t<\/div>\n\t\t\t\t<div class=\"elementor-element elementor-element-4c9b6b7 elementor-widget-divider--view-line elementor-widget elementor-widget-divider\" data-id=\"4c9b6b7\" data-element_type=\"widget\" data-e-type=\"widget\" data-widget_type=\"divider.default\">\n\t\t\t\t\t\t\t<div class=\"elementor-divider\">\n\t\t\t<span class=\"elementor-divider-separator\">\n\t\t\t\t\t\t<\/span>\n\t\t<\/div>\n\t\t\t\t\t\t<\/div>\n\t\t\t\t<div class=\"elementor-element elementor-element-05ab9ed elementor-widget elementor-widget-heading\" data-id=\"05ab9ed\" data-element_type=\"widget\" data-e-type=\"widget\" data-widget_type=\"heading.default\">\n\t\t\t\t\t<h3 class=\"elementor-heading-title elementor-size-default\">10. Documentation et visibilit\u00e9<\/h3>\t\t\t\t<\/div>\n\t\t\t\t<div class=\"elementor-element elementor-element-0e0c723 elementor-widget elementor-widget-text-editor\" data-id=\"0e0c723\" data-element_type=\"widget\" data-e-type=\"widget\" data-widget_type=\"text-editor.default\">\n\t\t\t\t\t\t\t\t\t<ul style=\"background-image: none; font-size: 22.4px;\"><li style=\"background-image: none; font-size: 22.4px;\" aria-level=\"1\">Les actions doivent \u00eatre document\u00e9es de mani\u00e8re transparente (par exemple avec le hashtag #AnimalUprisingWeek).<br>\u2192 Les photos et vid\u00e9os ne seront prises et publi\u00e9es <b>qu\u2019avec le consentement des personnes identifiables.<\/b><\/li><\/ul>\t\t\t\t\t\t\t\t<\/div>\n\t\t\t\t<div class=\"elementor-element elementor-element-ea88cf8 elementor-widget-divider--view-line elementor-widget elementor-widget-divider\" data-id=\"ea88cf8\" data-element_type=\"widget\" data-e-type=\"widget\" data-widget_type=\"divider.default\">\n\t\t\t\t\t\t\t<div class=\"elementor-divider\">\n\t\t\t<span class=\"elementor-divider-separator\">\n\t\t\t\t\t\t<\/span>\n\t\t<\/div>\n\t\t\t\t\t\t<\/div>\n\t\t\t\t<div class=\"elementor-element elementor-element-726597d elementor-widget elementor-widget-heading\" data-id=\"726597d\" data-element_type=\"widget\" data-e-type=\"widget\" data-widget_type=\"heading.default\">\n\t\t\t\t\t<h3 class=\"elementor-heading-title elementor-size-default\">11. Durabilit\u00e9<\/h3>\t\t\t\t<\/div>\n\t\t\t\t<div class=\"elementor-element elementor-element-f99731f elementor-widget elementor-widget-text-editor\" data-id=\"f99731f\" data-element_type=\"widget\" data-e-type=\"widget\" data-widget_type=\"text-editor.default\">\n\t\t\t\t\t\t\t\t\t<ul style=\"background-image: none; font-size: 22.4px;\"><li style=\"background-image: none; font-size: 22.4px;\" aria-level=\"1\"><span style=\"font-weight: 400;\">Nous nous engageons pour les droits des animaux, tout en tenant compte de la durabilit\u00e9 : en \u00e9conomisant les ressources, en \u00e9vitant les d\u00e9chets et en r\u00e9utilisant les mat\u00e9riaux lorsque c\u2019est possible.<\/span><\/li><\/ul>\t\t\t\t\t\t\t\t<\/div>\n\t\t\t\t\t<\/div>\n\t\t\t\t<\/div>\n\t\t\t\t<\/div>\n\t\t","protected":false},"excerpt":{"rendered":"<p>Lignes directrices pour l\u2019Animal Uprising Week 1. Valeurs fondamentales et principes Nous d\u00e9fendons le droit \u00e0 la vie, \u00e0 la libert\u00e9 et \u00e0 l\u2019int\u00e9grit\u00e9 de tous les \u00eatres sensibles. L\u2019antisp\u00e9cisme est \u00e0 la base de toutes nos actions : nous nous opposons \u00e0 toute forme d\u2019exploitation animale. 2. Alimentation Toute la semaine est v\u00e9gane. \u2192 [&hellip;]<\/p>\n","protected":false},"author":1,"featured_media":0,"parent":0,"menu_order":0,"comment_status":"closed","ping_status":"closed","template":"","meta":{"_acf_changed":false,"footnotes":""},"class_list":["post-1117","page","type-page","status-publish","hentry"],"acf":{"veranstaltungsdatum":null,"zeit":null,"veranstaltungsart_select":false},"_links":{"self":[{"href":"https:\/\/www.animaluprising.ch\/fr\/wp-json\/wp\/v2\/pages\/1117","targetHints":{"allow":["GET"]}}],"collection":[{"href":"https:\/\/www.animaluprising.ch\/fr\/wp-json\/wp\/v2\/pages"}],"about":[{"href":"https:\/\/www.animaluprising.ch\/fr\/wp-json\/wp\/v2\/types\/page"}],"author":[{"embeddable":true,"href":"https:\/\/www.animaluprising.ch\/fr\/wp-json\/wp\/v2\/users\/1"}],"replies":[{"embeddable":true,"href":"https:\/\/www.animaluprising.ch\/fr\/wp-json\/wp\/v2\/comments?post=1117"}],"version-history":[{"count":6,"href":"https:\/\/www.animaluprising.ch\/fr\/wp-json\/wp\/v2\/pages\/1117\/revisions"}],"predecessor-version":[{"id":1216,"href":"https:\/\/www.animaluprising.ch\/fr\/wp-json\/wp\/v2\/pages\/1117\/revisions\/1216"}],"wp:attachment":[{"href":"https:\/\/www.animaluprising.ch\/fr\/wp-json\/wp\/v2\/media?parent=1117"}],"curies":[{"name":"wp","href":"https:\/\/api.w.org\/{rel}","templated":true}]}}