{"id":1060,"date":"2025-08-15T15:25:09","date_gmt":"2025-08-15T15:25:09","guid":{"rendered":"https:\/\/www.animaluprising.ch\/mentions-legales\/"},"modified":"2025-10-01T13:58:38","modified_gmt":"2025-10-01T13:58:38","slug":"mentions-legales","status":"publish","type":"page","link":"https:\/\/www.animaluprising.ch\/fr\/mentions-legales\/","title":{"rendered":"Mentions l\u00e9gales"},"content":{"rendered":"\t\t<div data-elementor-type=\"wp-page\" data-elementor-id=\"1060\" class=\"elementor elementor-1060 elementor-33\" data-elementor-post-type=\"page\">\n\t\t\t\t<div class=\"elementor-element elementor-element-3770a6a e-flex e-con-boxed e-con e-parent\" data-id=\"3770a6a\" data-element_type=\"container\" data-e-type=\"container\">\n\t\t\t\t\t<div class=\"e-con-inner\">\n\t\t\t\t<div class=\"elementor-element elementor-element-9e0bb20 elementor-widget elementor-widget-heading\" data-id=\"9e0bb20\" data-element_type=\"widget\" data-e-type=\"widget\" data-widget_type=\"heading.default\">\n\t\t\t\t\t<h2 class=\"elementor-heading-title elementor-size-default\">Mentions l\u00e9gales<\/h2>\t\t\t\t<\/div>\n\t\t\t\t<div class=\"elementor-element elementor-element-63da424 elementor-widget elementor-widget-heading\" data-id=\"63da424\" data-element_type=\"widget\" data-e-type=\"widget\" data-widget_type=\"heading.default\">\n\t\t\t\t\t<h5 class=\"elementor-heading-title elementor-size-default\">Contact&nbsp;:<\/h5>\t\t\t\t<\/div>\n\t\t\t\t<div class=\"elementor-element elementor-element-76f200f elementor-widget elementor-widget-text-editor\" data-id=\"76f200f\" data-element_type=\"widget\" data-e-type=\"widget\" data-widget_type=\"text-editor.default\">\n\t\t\t\t\t\t\t\t\t<p>Animal Uprising Week 2025<br>c\/o. Tier im Fokus<br>Case postale, 3001 Berne <br><span class=\"__eae_r13\"><a href=\"mailto:info@animaluprising.ch\">info@animaluprising.ch<\/a><\/span><\/p>\t\t\t\t\t\t\t\t<\/div>\n\t\t\t\t<div class=\"elementor-element elementor-element-a9abec6 elementor-widget elementor-widget-heading\" data-id=\"a9abec6\" data-element_type=\"widget\" data-e-type=\"widget\" data-widget_type=\"heading.default\">\n\t\t\t\t\t<h5 class=\"elementor-heading-title elementor-size-default\">Compte de dons&nbsp;:<\/h5>\t\t\t\t<\/div>\n\t\t\t\t<div class=\"elementor-element elementor-element-c20b289 elementor-widget elementor-widget-text-editor\" data-id=\"c20b289\" data-element_type=\"widget\" data-e-type=\"widget\" data-widget_type=\"text-editor.default\">\n\t\t\t\t\t\t\t\t\t<p>Tier im Fokus (TIF)<br>Case postale, 3001 Berne<br>Compte PC&nbsp;: 30-37815-2<br>CH19 0900 0000 3003 7815 2<br>Tier im Fokus (TIF) est exon\u00e9r\u00e9 d\u2019imp\u00f4ts.<\/p>\t\t\t\t\t\t\t\t<\/div>\n\t\t\t\t<div class=\"elementor-element elementor-element-b0e953b elementor-widget elementor-widget-heading\" data-id=\"b0e953b\" data-element_type=\"widget\" data-e-type=\"widget\" data-widget_type=\"heading.default\">\n\t\t\t\t\t<h5 class=\"elementor-heading-title elementor-size-default\">Id\u00e9e, conception et r\u00e9alisation&nbsp;:<\/h5>\t\t\t\t<\/div>\n\t\t\t\t<div class=\"elementor-element elementor-element-b902013 elementor-widget elementor-widget-text-editor\" data-id=\"b902013\" data-element_type=\"widget\" data-e-type=\"widget\" data-widget_type=\"text-editor.default\">\n\t\t\t\t\t\t\t\t\t<p>fatfish<br>7302 Landquart<br><a href=\"mailto:info@fatfish.ch\">info@fatfish.ch<\/a><\/p>\t\t\t\t\t\t\t\t<\/div>\n\t\t\t\t\t<\/div>\n\t\t\t\t<\/div>\n\t\t\t\t<\/div>\n\t\t","protected":false},"excerpt":{"rendered":"<p>Mentions l\u00e9gales Contact&nbsp;: Animal Uprising Week 2025c\/o. Tier im FokusCase postale, 3001 Berne info@animaluprising.ch Compte de dons&nbsp;: Tier im Fokus (TIF)Case postale, 3001 BerneCompte PC&nbsp;: 30-37815-2CH19 0900 0000 3003 7815 2Tier im Fokus (TIF) est exon\u00e9r\u00e9 d\u2019imp\u00f4ts. Id\u00e9e, conception et r\u00e9alisation&nbsp;: fatfish7302 Landquartinfo@fatfish.ch<\/p>\n","protected":false},"author":1,"featured_media":0,"parent":0,"menu_order":0,"comment_status":"closed","ping_status":"closed","template":"","meta":{"_acf_changed":false,"footnotes":""},"class_list":["post-1060","page","type-page","status-publish","hentry"],"acf":{"veranstaltungsdatum":null,"zeit":null,"veranstaltungsart_select":false},"_links":{"self":[{"href":"https:\/\/www.animaluprising.ch\/fr\/wp-json\/wp\/v2\/pages\/1060","targetHints":{"allow":["GET"]}}],"collection":[{"href":"https:\/\/www.animaluprising.ch\/fr\/wp-json\/wp\/v2\/pages"}],"about":[{"href":"https:\/\/www.animaluprising.ch\/fr\/wp-json\/wp\/v2\/types\/page"}],"author":[{"embeddable":true,"href":"https:\/\/www.animaluprising.ch\/fr\/wp-json\/wp\/v2\/users\/1"}],"replies":[{"embeddable":true,"href":"https:\/\/www.animaluprising.ch\/fr\/wp-json\/wp\/v2\/comments?post=1060"}],"version-history":[{"count":2,"href":"https:\/\/www.animaluprising.ch\/fr\/wp-json\/wp\/v2\/pages\/1060\/revisions"}],"predecessor-version":[{"id":1062,"href":"https:\/\/www.animaluprising.ch\/fr\/wp-json\/wp\/v2\/pages\/1060\/revisions\/1062"}],"wp:attachment":[{"href":"https:\/\/www.animaluprising.ch\/fr\/wp-json\/wp\/v2\/media?parent=1060"}],"curies":[{"name":"wp","href":"https:\/\/api.w.org\/{rel}","templated":true}]}}