{"id":1058,"date":"2025-08-15T15:24:39","date_gmt":"2025-08-15T15:24:39","guid":{"rendered":"https:\/\/www.animaluprising.ch\/a-propos\/"},"modified":"2025-11-09T16:50:33","modified_gmt":"2025-11-09T16:50:33","slug":"a-propos","status":"publish","type":"page","link":"https:\/\/www.animaluprising.ch\/fr\/a-propos\/","title":{"rendered":"\u00c0 propos"},"content":{"rendered":"\t\t<div data-elementor-type=\"wp-page\" data-elementor-id=\"1058\" class=\"elementor elementor-1058 elementor-29\" data-elementor-post-type=\"page\">\n\t\t\t\t<div class=\"elementor-element elementor-element-cb8aa57 e-flex e-con-boxed e-con e-parent\" data-id=\"cb8aa57\" data-element_type=\"container\" data-e-type=\"container\" data-settings=\"{&quot;background_background&quot;:&quot;classic&quot;}\">\n\t\t\t\t\t<div class=\"e-con-inner\">\n\t\t\t\t<div class=\"elementor-element elementor-element-7610625 elementor-widget elementor-widget-heading\" data-id=\"7610625\" data-element_type=\"widget\" data-e-type=\"widget\" data-widget_type=\"heading.default\">\n\t\t\t\t\t<h2 class=\"elementor-heading-title elementor-size-default\">Ensemble pour les animaux&nbsp;!\n<\/h2>\t\t\t\t<\/div>\n\t\t\t\t<div class=\"elementor-element elementor-element-b253088 elementor-widget elementor-widget-text-editor\" data-id=\"b253088\" data-element_type=\"widget\" data-e-type=\"widget\" data-widget_type=\"text-editor.default\">\n\t\t\t\t\t\t\t\t\t<p>L&rsquo;Animal Uprising Week vit de l&rsquo;engagement de nombreuses personnes. De nombreux <strong>activistes, organisations<\/strong> et <strong>fermes p\u00e9dagogiques<\/strong> de toute la Suisse <strong>con\u00e7oivent<\/strong> leurs propres <strong>actions, performances<\/strong> et <strong>stands d&rsquo;information<\/strong> \u2013 ou aident \u00e0 leur r\u00e9alisation. <\/p><p>Un immense merci \u00e0 tous ceux qui contribuent, par leurs id\u00e9es, leur temps, leur \u00e9nergie et leurs moyens, \u00e0 rendre cette semaine color\u00e9e, vari\u00e9e et visible. Merci \u00e9galement parce que, gr\u00e2ce \u00e0 votre engagement, votre passion et votre solidarit\u00e9, vous vous engagez chaque jour pour que ce monde devienne un peu plus juste pour tous les \u00eatres vivants.  <strong>Merci !<\/strong><\/p><p>Nous tenons \u00e9galement \u00e0 remercier chaleureusement nos sponsors qui nous soutiennent par des dons mat\u00e9riels pour la tombola ou par un soutien financier.<\/p><h2 style=\"text-align: left;\">\u00c0 propos<\/h2><p>Le comit\u00e9 d&rsquo;organisation de l&rsquo;Animal Uprising Week est compos\u00e9 de huit personnes engag\u00e9es issues de diff\u00e9rentes organisations de d\u00e9fense des droits des animaux et de groupes d&rsquo;action de toute la Suisse. Nous coordonnons, mettons en r\u00e9seau et rendons visibles \u00e0 l&rsquo;ext\u00e9rieur les actions regroup\u00e9es \u00e0 l&rsquo;avance via notre site web et nos canaux de m\u00e9dias sociaux \u2013 afin que le message commun soit entendu haut et fort : <strong>Animal Uprising \u2013 Ensemble pour les animaux !<\/strong> <\/p><h2>Sensibilisation et directives<\/h2><p>Afin que chacun se sente \u00e0 l&rsquo;aise et que nos valeurs restent perceptibles dans nos interactions, une \u00e9quipe de sensibilisation est pr\u00e9sente pendant toute la semaine.<br>Elle veille \u00e0 ce que nos <a href=\"https:\/\/www.animaluprising.ch\/leitlinien\/\">directives<\/a> soient respect\u00e9es et est \u00e0 disposition pour des entretiens et un soutien.<\/p><ul><li>Contact : <a href=\"mailto:awareness@animaluprising.ch\">awareness@animaluprising.ch<\/a><\/li><\/ul><p><br>Ici, vous pouvez nous contacter si vous avez v\u00e9cu ou observ\u00e9 quelque chose de difficile pour vous ou qui enfreint nos <a href=\"https:\/\/www.animaluprising.ch\/leitlinien\/\">directives<\/a>.<br>Nos <a href=\"xhttps:\/\/www.animaluprising.ch\/leitlinien\/\">directives<\/a> font partie int\u00e9grante de l&rsquo;Animal Uprising Week. Tous ceux qui y participent de quelque mani\u00e8re que ce soit s&rsquo;engagent \u00e0 respecter les <a href=\"https:\/\/www.animaluprising.ch\/leitlinien\/\">directives<\/a><\/p>\t\t\t\t\t\t\t\t<\/div>\n\t\t\t\t<div class=\"elementor-element elementor-element-dbfa48a elementor-widget elementor-widget-image\" data-id=\"dbfa48a\" data-element_type=\"widget\" data-e-type=\"widget\" data-widget_type=\"image.default\">\n\t\t\t\t\t\t\t\t\t\t\t\t\t\t\t<img fetchpriority=\"high\" decoding=\"async\" width=\"800\" height=\"174\" src=\"https:\/\/www.animaluprising.ch\/wp-content\/uploads\/2025\/10\/Team_Illus_def-1.svg\" class=\"attachment-large size-large wp-image-1643\" alt=\"\" \/>\t\t\t\t\t\t\t\t\t\t\t\t\t\t\t<\/div>\n\t\t\t\t<div class=\"elementor-element elementor-element-1b957fb elementor-widget elementor-widget-heading\" data-id=\"1b957fb\" data-element_type=\"widget\" data-e-type=\"widget\" data-widget_type=\"heading.default\">\n\t\t\t\t\t<h2 class=\"elementor-heading-title elementor-size-default\">Soutiens de l'Animal Uprising Week<\/h2>\t\t\t\t<\/div>\n\t\t<div class=\"elementor-element elementor-element-493fd10 e-con-full e-flex e-con e-child\" data-id=\"493fd10\" data-element_type=\"container\" data-e-type=\"container\">\n\t\t<div class=\"elementor-element elementor-element-5610b43 e-con-full e-flex e-con e-child\" data-id=\"5610b43\" data-element_type=\"container\" data-e-type=\"container\" data-settings=\"{&quot;background_background&quot;:&quot;classic&quot;}\">\n\t\t\t\t<div class=\"elementor-element elementor-element-b39a9cb elementor-widget elementor-widget-image\" data-id=\"b39a9cb\" data-element_type=\"widget\" data-e-type=\"widget\" data-widget_type=\"image.default\">\n\t\t\t\t\t\t\t\t\t\t\t\t\t\t\t\t<a href=\"https:\/\/animal-rights-switzerland.ch\" target=\"_blank\">\n\t\t\t\t\t\t\t<img decoding=\"async\" width=\"800\" height=\"800\" src=\"https:\/\/www.animaluprising.ch\/wp-content\/uploads\/2025\/09\/ARCH_Logo_quadratisch-1024x1024.png\" class=\"attachment-large size-large wp-image-1293\" alt=\"\" srcset=\"https:\/\/www.animaluprising.ch\/wp-content\/uploads\/2025\/09\/ARCH_Logo_quadratisch-1024x1024.png 1024w, https:\/\/www.animaluprising.ch\/wp-content\/uploads\/2025\/09\/ARCH_Logo_quadratisch-300x300.png 300w, https:\/\/www.animaluprising.ch\/wp-content\/uploads\/2025\/09\/ARCH_Logo_quadratisch-150x150.png 150w, https:\/\/www.animaluprising.ch\/wp-content\/uploads\/2025\/09\/ARCH_Logo_quadratisch-768x768.png 768w, https:\/\/www.animaluprising.ch\/wp-content\/uploads\/2025\/09\/ARCH_Logo_quadratisch-1536x1536.png 1536w, https:\/\/www.animaluprising.ch\/wp-content\/uploads\/2025\/09\/ARCH_Logo_quadratisch-2048x2048.png 2048w\" sizes=\"(max-width: 800px) 100vw, 800px\" \/>\t\t\t\t\t\t\t\t<\/a>\n\t\t\t\t\t\t\t\t\t\t\t\t\t\t\t<\/div>\n\t\t\t\t<\/div>\n\t\t<div class=\"elementor-element elementor-element-4676a1d e-con-full e-flex e-con e-child\" data-id=\"4676a1d\" data-element_type=\"container\" data-e-type=\"container\" data-settings=\"{&quot;background_background&quot;:&quot;classic&quot;}\">\n\t\t\t\t<div class=\"elementor-element elementor-element-0d3e5fc elementor-widget elementor-widget-image\" data-id=\"0d3e5fc\" data-element_type=\"widget\" data-e-type=\"widget\" data-widget_type=\"image.default\">\n\t\t\t\t\t\t\t\t\t\t\t\t\t\t\t\t<a href=\"https:\/\/www.asso-coexister.ch\/de\" target=\"_blank\">\n\t\t\t\t\t\t\t<img decoding=\"async\" width=\"278\" height=\"278\" src=\"https:\/\/www.animaluprising.ch\/wp-content\/uploads\/2025\/09\/COEXISTER_logo_kaki_cercle.png.avif\" class=\"attachment-large size-large wp-image-1246\" alt=\"\" srcset=\"https:\/\/www.animaluprising.ch\/wp-content\/uploads\/2025\/09\/COEXISTER_logo_kaki_cercle.png.avif 278w, https:\/\/www.animaluprising.ch\/wp-content\/uploads\/2025\/09\/COEXISTER_logo_kaki_cercle.png-150x150.avif 150w\" sizes=\"(max-width: 278px) 100vw, 278px\" \/>\t\t\t\t\t\t\t\t<\/a>\n\t\t\t\t\t\t\t\t\t\t\t\t\t\t\t<\/div>\n\t\t\t\t<\/div>\n\t\t<div class=\"elementor-element elementor-element-b73d097 e-con-full e-flex e-con e-child\" data-id=\"b73d097\" data-element_type=\"container\" data-e-type=\"container\" data-settings=\"{&quot;background_background&quot;:&quot;classic&quot;}\">\n\t\t\t\t<div class=\"elementor-element elementor-element-ff00348 elementor-widget elementor-widget-image\" data-id=\"ff00348\" data-element_type=\"widget\" data-e-type=\"widget\" data-widget_type=\"image.default\">\n\t\t\t\t\t\t\t\t\t\t\t\t\t\t\t\t<a href=\"https:\/\/www.atra.info\/index.php\/it\/\" target=\"_blank\">\n\t\t\t\t\t\t\t<img loading=\"lazy\" decoding=\"async\" width=\"800\" height=\"788\" src=\"https:\/\/www.animaluprising.ch\/wp-content\/uploads\/2025\/09\/ATRA-01-1024x1008.png\" class=\"attachment-large size-large wp-image-1232\" alt=\"\" srcset=\"https:\/\/www.animaluprising.ch\/wp-content\/uploads\/2025\/09\/ATRA-01-1024x1008.png 1024w, https:\/\/www.animaluprising.ch\/wp-content\/uploads\/2025\/09\/ATRA-01-300x295.png 300w, https:\/\/www.animaluprising.ch\/wp-content\/uploads\/2025\/09\/ATRA-01-768x756.png 768w, https:\/\/www.animaluprising.ch\/wp-content\/uploads\/2025\/09\/ATRA-01.png 1286w\" sizes=\"(max-width: 800px) 100vw, 800px\" \/>\t\t\t\t\t\t\t\t<\/a>\n\t\t\t\t\t\t\t\t\t\t\t\t\t\t\t<\/div>\n\t\t\t\t<\/div>\n\t\t<div class=\"elementor-element elementor-element-31cdef3 e-con-full e-flex e-con e-child\" data-id=\"31cdef3\" data-element_type=\"container\" data-e-type=\"container\" data-settings=\"{&quot;background_background&quot;:&quot;classic&quot;}\">\n\t\t\t\t<div class=\"elementor-element elementor-element-7c7b81b elementor-widget elementor-widget-image\" data-id=\"7c7b81b\" data-element_type=\"widget\" data-e-type=\"widget\" data-widget_type=\"image.default\">\n\t\t\t\t\t\t\t\t\t\t\t\t\t\t\t\t<a href=\"https:\/\/www.biohof-h\u00fcbeli.ch\" target=\"_blank\">\n\t\t\t\t\t\t\t<img loading=\"lazy\" decoding=\"async\" width=\"400\" height=\"400\" src=\"https:\/\/www.animaluprising.ch\/wp-content\/uploads\/2025\/10\/Biohof-Huebeli.webp\" class=\"attachment-large size-large wp-image-1299\" alt=\"\" \/>\t\t\t\t\t\t\t\t<\/a>\n\t\t\t\t\t\t\t\t\t\t\t\t\t\t\t<\/div>\n\t\t\t\t<\/div>\n\t\t<div class=\"elementor-element elementor-element-e6f08a9 e-con-full e-flex e-con e-child\" data-id=\"e6f08a9\" data-element_type=\"container\" data-e-type=\"container\" data-settings=\"{&quot;background_background&quot;:&quot;classic&quot;}\">\n\t\t\t\t<div class=\"elementor-element elementor-element-170bfba elementor-widget elementor-widget-image\" data-id=\"170bfba\" data-element_type=\"widget\" data-e-type=\"widget\" data-widget_type=\"image.default\">\n\t\t\t\t\t\t\t\t\t\t\t\t\t\t\t\t<a href=\"https:\/\/www.google.com\/search?client=safari&#038;rls=en&#038;q=das+tier+und+wir&#038;ie=UTF-8&#038;oe=UTF-8\" target=\"_blank\">\n\t\t\t\t\t\t\t<img loading=\"lazy\" decoding=\"async\" width=\"448\" height=\"300\" src=\"https:\/\/www.animaluprising.ch\/wp-content\/uploads\/2025\/10\/TierundWir.webp\" class=\"attachment-large size-large wp-image-1442\" alt=\"\" \/>\t\t\t\t\t\t\t\t<\/a>\n\t\t\t\t\t\t\t\t\t\t\t\t\t\t\t<\/div>\n\t\t\t\t<\/div>\n\t\t\t\t<\/div>\n\t\t<div class=\"elementor-element elementor-element-8459e68 e-con-full e-flex e-con e-child\" data-id=\"8459e68\" data-element_type=\"container\" data-e-type=\"container\">\n\t\t<div class=\"elementor-element elementor-element-9d0a55a e-con-full e-flex e-con e-child\" data-id=\"9d0a55a\" data-element_type=\"container\" data-e-type=\"container\" data-settings=\"{&quot;background_background&quot;:&quot;classic&quot;}\">\n\t\t\t\t<div class=\"elementor-element elementor-element-d837cc7 elementor-widget elementor-widget-image\" data-id=\"d837cc7\" data-element_type=\"widget\" data-e-type=\"widget\" data-widget_type=\"image.default\">\n\t\t\t\t\t\t\t\t\t\t\t\t\t\t\t\t<a href=\"https:\/\/fattoriailcardo.ch\" target=\"_blank\">\n\t\t\t\t\t\t\t<img loading=\"lazy\" decoding=\"async\" width=\"800\" height=\"376\" src=\"https:\/\/www.animaluprising.ch\/wp-content\/uploads\/2025\/10\/fattoriailcardo-1-1024x481.png\" class=\"attachment-large size-large wp-image-1443\" alt=\"\" srcset=\"https:\/\/www.animaluprising.ch\/wp-content\/uploads\/2025\/10\/fattoriailcardo-1-1024x481.png 1024w, https:\/\/www.animaluprising.ch\/wp-content\/uploads\/2025\/10\/fattoriailcardo-1-300x141.png 300w, https:\/\/www.animaluprising.ch\/wp-content\/uploads\/2025\/10\/fattoriailcardo-1-768x361.png 768w, https:\/\/www.animaluprising.ch\/wp-content\/uploads\/2025\/10\/fattoriailcardo-1-1536x721.png 1536w, https:\/\/www.animaluprising.ch\/wp-content\/uploads\/2025\/10\/fattoriailcardo-1.png 2036w\" sizes=\"(max-width: 800px) 100vw, 800px\" \/>\t\t\t\t\t\t\t\t<\/a>\n\t\t\t\t\t\t\t\t\t\t\t\t\t\t\t<\/div>\n\t\t\t\t<\/div>\n\t\t<div class=\"elementor-element elementor-element-e7772fc e-con-full e-flex e-con e-child\" data-id=\"e7772fc\" data-element_type=\"container\" data-e-type=\"container\" data-settings=\"{&quot;background_background&quot;:&quot;classic&quot;}\">\n\t\t\t\t<div class=\"elementor-element elementor-element-4d81aae elementor-widget elementor-widget-image\" data-id=\"4d81aae\" data-element_type=\"widget\" data-e-type=\"widget\" data-widget_type=\"image.default\">\n\t\t\t\t\t\t\t\t\t\t\t\t\t\t\t\t<a href=\"https:\/\/jungegruene.ch\" target=\"_blank\">\n\t\t\t\t\t\t\t<img loading=\"lazy\" decoding=\"async\" width=\"317\" height=\"195\" src=\"https:\/\/www.animaluprising.ch\/wp-content\/uploads\/2025\/09\/logo-green-de.svg\" class=\"attachment-large size-large wp-image-1234\" alt=\"\" \/>\t\t\t\t\t\t\t\t<\/a>\n\t\t\t\t\t\t\t\t\t\t\t\t\t\t\t<\/div>\n\t\t\t\t<\/div>\n\t\t<div class=\"elementor-element elementor-element-44e640a e-con-full e-flex e-con e-child\" data-id=\"44e640a\" data-element_type=\"container\" data-e-type=\"container\" data-settings=\"{&quot;background_background&quot;:&quot;classic&quot;}\">\n\t\t\t\t<div class=\"elementor-element elementor-element-9fc0ede elementor-widget elementor-widget-image\" data-id=\"9fc0ede\" data-element_type=\"widget\" data-e-type=\"widget\" data-widget_type=\"image.default\">\n\t\t\t\t\t\t\t\t\t\t\t\t\t\t\t\t<a href=\"https:\/\/www.tiermensch.ch\" target=\"_blank\">\n\t\t\t\t\t\t\t<img loading=\"lazy\" decoding=\"async\" width=\"340\" height=\"113\" src=\"https:\/\/www.animaluprising.ch\/wp-content\/uploads\/2025\/10\/lebenshof_tiermensch_logo_retina.webp\" class=\"attachment-large size-large wp-image-1297\" alt=\"\" \/>\t\t\t\t\t\t\t\t<\/a>\n\t\t\t\t\t\t\t\t\t\t\t\t\t\t\t<\/div>\n\t\t\t\t<\/div>\n\t\t<div class=\"elementor-element elementor-element-c89c884 e-con-full e-flex e-con e-child\" data-id=\"c89c884\" data-element_type=\"container\" data-e-type=\"container\" data-settings=\"{&quot;background_background&quot;:&quot;classic&quot;}\">\n\t\t\t\t<div class=\"elementor-element elementor-element-964335e elementor-widget elementor-widget-image\" data-id=\"964335e\" data-element_type=\"widget\" data-e-type=\"widget\" data-widget_type=\"image.default\">\n\t\t\t\t\t\t\t\t\t\t\t\t\t\t\t\t<a href=\"https:\/\/observatoireduspecisme.ch\" target=\"_blank\">\n\t\t\t\t\t\t\t<img loading=\"lazy\" decoding=\"async\" width=\"800\" height=\"688\" src=\"https:\/\/www.animaluprising.ch\/wp-content\/uploads\/2025\/10\/Observatorieduspecisme-1024x880.png\" class=\"attachment-large size-large wp-image-1373\" alt=\"\" srcset=\"https:\/\/www.animaluprising.ch\/wp-content\/uploads\/2025\/10\/Observatorieduspecisme-1024x880.png 1024w, https:\/\/www.animaluprising.ch\/wp-content\/uploads\/2025\/10\/Observatorieduspecisme-300x258.png 300w, https:\/\/www.animaluprising.ch\/wp-content\/uploads\/2025\/10\/Observatorieduspecisme-768x660.png 768w, https:\/\/www.animaluprising.ch\/wp-content\/uploads\/2025\/10\/Observatorieduspecisme.png 1255w\" sizes=\"(max-width: 800px) 100vw, 800px\" \/>\t\t\t\t\t\t\t\t<\/a>\n\t\t\t\t\t\t\t\t\t\t\t\t\t\t\t<\/div>\n\t\t\t\t<\/div>\n\t\t<div class=\"elementor-element elementor-element-6bf44df e-con-full e-flex e-con e-child\" data-id=\"6bf44df\" data-element_type=\"container\" data-e-type=\"container\" data-settings=\"{&quot;background_background&quot;:&quot;classic&quot;}\">\n\t\t\t\t<div class=\"elementor-element elementor-element-2562cfb elementor-widget elementor-widget-image\" data-id=\"2562cfb\" data-element_type=\"widget\" data-e-type=\"widget\" data-widget_type=\"image.default\">\n\t\t\t\t\t\t\t\t\t\t\t\t\t\t\t\t<a href=\"http:\/\/swissveg.ch\" target=\"_blank\">\n\t\t\t\t\t\t\t<img loading=\"lazy\" decoding=\"async\" width=\"179\" height=\"43\" src=\"https:\/\/www.animaluprising.ch\/wp-content\/uploads\/2025\/09\/Swissweg-1.webp\" class=\"attachment-large size-large wp-image-1248\" alt=\"\" \/>\t\t\t\t\t\t\t\t<\/a>\n\t\t\t\t\t\t\t\t\t\t\t\t\t\t\t<\/div>\n\t\t\t\t<\/div>\n\t\t\t\t<\/div>\n\t\t<div class=\"elementor-element elementor-element-65ff830 e-con-full e-flex e-con e-child\" data-id=\"65ff830\" data-element_type=\"container\" data-e-type=\"container\">\n\t\t<div class=\"elementor-element elementor-element-c5189a0 e-con-full e-flex e-con e-child\" data-id=\"c5189a0\" data-element_type=\"container\" data-e-type=\"container\" data-settings=\"{&quot;background_background&quot;:&quot;classic&quot;}\">\n\t\t\t\t<div class=\"elementor-element elementor-element-aab5131 elementor-widget elementor-widget-image\" data-id=\"aab5131\" data-element_type=\"widget\" data-e-type=\"widget\" data-widget_type=\"image.default\">\n\t\t\t\t\t\t\t\t\t\t\t\t\t\t\t\t<a href=\"https:\/\/www.facebook.com\/p\/Stadttaubenhilfe-Sankt-Gallen-61576875104481\/\" target=\"_blank\">\n\t\t\t\t\t\t\t<img loading=\"lazy\" decoding=\"async\" width=\"800\" height=\"792\" src=\"https:\/\/www.animaluprising.ch\/wp-content\/uploads\/2025\/09\/Stadttauben_St-gallen.webp\" class=\"attachment-large size-large wp-image-1255\" alt=\"\" \/>\t\t\t\t\t\t\t\t<\/a>\n\t\t\t\t\t\t\t\t\t\t\t\t\t\t\t<\/div>\n\t\t\t\t<\/div>\n\t\t<div class=\"elementor-element elementor-element-686b1fa e-con-full e-flex e-con e-child\" data-id=\"686b1fa\" data-element_type=\"container\" data-e-type=\"container\" data-settings=\"{&quot;background_background&quot;:&quot;classic&quot;}\">\n\t\t\t\t<div class=\"elementor-element elementor-element-380e4f5 elementor-widget elementor-widget-image\" data-id=\"380e4f5\" data-element_type=\"widget\" data-e-type=\"widget\" data-widget_type=\"image.default\">\n\t\t\t\t\t\t\t\t\t\t\t\t\t\t\t\t<a href=\"https:\/\/tierimfokus.ch\" target=\"_blank\">\n\t\t\t\t\t\t\t<img loading=\"lazy\" decoding=\"async\" width=\"800\" height=\"800\" src=\"https:\/\/www.animaluprising.ch\/wp-content\/uploads\/2025\/09\/TIF_Logo_Button.webp\" class=\"attachment-large size-large wp-image-1223\" alt=\"\" \/>\t\t\t\t\t\t\t\t<\/a>\n\t\t\t\t\t\t\t\t\t\t\t\t\t\t\t<\/div>\n\t\t\t\t<\/div>\n\t\t<div class=\"elementor-element elementor-element-17605cd e-con-full e-flex e-con e-child\" data-id=\"17605cd\" data-element_type=\"container\" data-e-type=\"container\" data-settings=\"{&quot;background_background&quot;:&quot;classic&quot;}\">\n\t\t\t\t<div class=\"elementor-element elementor-element-c1b6e65 elementor-widget elementor-widget-image\" data-id=\"c1b6e65\" data-element_type=\"widget\" data-e-type=\"widget\" data-widget_type=\"image.default\">\n\t\t\t\t\t\t\t\t\t\t\t\t\t\t\t\t<a href=\"http:\/\/wildtierschutz.org\" target=\"_blank\">\n\t\t\t\t\t\t\t<img loading=\"lazy\" decoding=\"async\" width=\"288\" height=\"182\" src=\"https:\/\/www.animaluprising.ch\/wp-content\/uploads\/2025\/09\/WTSS-Fux_pos.svg\" class=\"attachment-large size-large wp-image-1221\" alt=\"\" \/>\t\t\t\t\t\t\t\t<\/a>\n\t\t\t\t\t\t\t\t\t\t\t\t\t\t\t<\/div>\n\t\t\t\t<\/div>\n\t\t<div class=\"elementor-element elementor-element-2c61865 e-con-full e-flex e-con e-child\" data-id=\"2c61865\" data-element_type=\"container\" data-e-type=\"container\" data-settings=\"{&quot;background_background&quot;:&quot;classic&quot;}\">\n\t\t\t\t<\/div>\n\t\t<div class=\"elementor-element elementor-element-c9a637c e-con-full e-flex e-con e-child\" data-id=\"c9a637c\" data-element_type=\"container\" data-e-type=\"container\" data-settings=\"{&quot;background_background&quot;:&quot;classic&quot;}\">\n\t\t\t\t<\/div>\n\t\t\t\t<\/div>\n\t\t\t\t<div class=\"elementor-element elementor-element-96bfd21 elementor-widget elementor-widget-heading\" data-id=\"96bfd21\" data-element_type=\"widget\" data-e-type=\"widget\" data-widget_type=\"heading.default\">\n\t\t\t\t\t<h2 class=\"elementor-heading-title elementor-size-default\">Partenaires<\/h2>\t\t\t\t<\/div>\n\t\t<div class=\"elementor-element elementor-element-5939731 e-con-full e-flex e-con e-child\" data-id=\"5939731\" data-element_type=\"container\" data-e-type=\"container\">\n\t\t<div class=\"elementor-element elementor-element-6ae1777 e-con-full e-flex e-con e-child\" data-id=\"6ae1777\" data-element_type=\"container\" data-e-type=\"container\" data-settings=\"{&quot;background_background&quot;:&quot;classic&quot;}\">\n\t\t\t\t<div class=\"elementor-element elementor-element-e4a5ad0 elementor-widget elementor-widget-heading\" data-id=\"e4a5ad0\" data-element_type=\"widget\" data-e-type=\"widget\" data-widget_type=\"heading.default\">\n\t\t\t\t\t<h2 class=\"elementor-heading-title elementor-size-default\">Organisations<\/h2>\t\t\t\t<\/div>\n\t\t\t\t<div class=\"elementor-element elementor-element-58b4e98 elementor-widget elementor-widget-text-editor\" data-id=\"58b4e98\" data-element_type=\"widget\" data-e-type=\"widget\" data-widget_type=\"text-editor.default\">\n\t\t\t\t\t\t\t\t\t<p>Qui soutiennent nos id\u00e9es et notre travail<\/p>\t\t\t\t\t\t\t\t<\/div>\n\t\t\t\t<div class=\"elementor-element elementor-element-f2ba26a elementor-widget elementor-widget-text-editor\" data-id=\"f2ba26a\" data-element_type=\"widget\" data-e-type=\"widget\" data-widget_type=\"text-editor.default\">\n\t\t\t\t\t\t\t\t\t<p><span data-sheets-root=\"1\">Peta<\/span><\/p><p><span data-sheets-root=\"1\">ProTier<\/span><\/p>\t\t\t\t\t\t\t\t<\/div>\n\t\t\t\t<\/div>\n\t\t<div class=\"elementor-element elementor-element-d5a0fae e-con-full e-flex e-con e-child\" data-id=\"d5a0fae\" data-element_type=\"container\" data-e-type=\"container\" data-settings=\"{&quot;background_background&quot;:&quot;classic&quot;}\">\n\t\t\t\t<div class=\"elementor-element elementor-element-992358b elementor-widget elementor-widget-heading\" data-id=\"992358b\" data-element_type=\"widget\" data-e-type=\"widget\" data-widget_type=\"heading.default\">\n\t\t\t\t\t<h2 class=\"elementor-heading-title elementor-size-default\">Tombola<\/h2>\t\t\t\t<\/div>\n\t\t\t\t<div class=\"elementor-element elementor-element-865a17b elementor-widget elementor-widget-text-editor\" data-id=\"865a17b\" data-element_type=\"widget\" data-e-type=\"widget\" data-widget_type=\"text-editor.default\">\n\t\t\t\t\t\t\t\t\t<p>Donateurs de prix pour notre tombola du 25 octobre lors de la soir\u00e9e de cl\u00f4ture.<\/p>\t\t\t\t\t\t\t\t<\/div>\n\t\t\t\t<div class=\"elementor-element elementor-element-8f7661d elementor-widget elementor-widget-text-editor\" data-id=\"8f7661d\" data-element_type=\"widget\" data-e-type=\"widget\" data-widget_type=\"text-editor.default\">\n\t\t\t\t\t\t\t\t\t<p><span data-sheets-root=\"1\">newroots<\/span><\/p><p><span data-sheets-root=\"1\">rrrevolve<\/span><\/p><p><span data-sheets-root=\"1\">vegusto<\/span><\/p><p><span data-sheets-root=\"1\">delinat<\/span><\/p><p>mr. vegan<\/p><p>outlawz<\/p>\t\t\t\t\t\t\t\t<\/div>\n\t\t\t\t<\/div>\n\t\t\t\t<\/div>\n\t\t\t\t\t<\/div>\n\t\t\t\t<\/div>\n\t\t\t\t<\/div>\n\t\t","protected":false},"excerpt":{"rendered":"<p>Ensemble pour les animaux&nbsp;! L&rsquo;Animal Uprising Week vit de l&rsquo;engagement de nombreuses personnes. De nombreux activistes, organisations et fermes p\u00e9dagogiques de toute la Suisse con\u00e7oivent leurs propres actions, performances et stands d&rsquo;information \u2013 ou aident \u00e0 leur r\u00e9alisation. Un immense merci \u00e0 tous ceux qui contribuent, par leurs id\u00e9es, leur temps, leur \u00e9nergie et leurs [&hellip;]<\/p>\n","protected":false},"author":1,"featured_media":0,"parent":0,"menu_order":0,"comment_status":"closed","ping_status":"closed","template":"","meta":{"_acf_changed":false,"footnotes":""},"class_list":["post-1058","page","type-page","status-publish","hentry"],"acf":{"veranstaltungsdatum":null,"zeit":null,"veranstaltungsart_select":false},"_links":{"self":[{"href":"https:\/\/www.animaluprising.ch\/fr\/wp-json\/wp\/v2\/pages\/1058","targetHints":{"allow":["GET"]}}],"collection":[{"href":"https:\/\/www.animaluprising.ch\/fr\/wp-json\/wp\/v2\/pages"}],"about":[{"href":"https:\/\/www.animaluprising.ch\/fr\/wp-json\/wp\/v2\/types\/page"}],"author":[{"embeddable":true,"href":"https:\/\/www.animaluprising.ch\/fr\/wp-json\/wp\/v2\/users\/1"}],"replies":[{"embeddable":true,"href":"https:\/\/www.animaluprising.ch\/fr\/wp-json\/wp\/v2\/comments?post=1058"}],"version-history":[{"count":70,"href":"https:\/\/www.animaluprising.ch\/fr\/wp-json\/wp\/v2\/pages\/1058\/revisions"}],"predecessor-version":[{"id":2127,"href":"https:\/\/www.animaluprising.ch\/fr\/wp-json\/wp\/v2\/pages\/1058\/revisions\/2127"}],"wp:attachment":[{"href":"https:\/\/www.animaluprising.ch\/fr\/wp-json\/wp\/v2\/media?parent=1058"}],"curies":[{"name":"wp","href":"https:\/\/api.w.org\/{rel}","templated":true}]}}