{"id":1009,"date":"2025-08-15T15:24:07","date_gmt":"2025-08-15T15:24:07","guid":{"rendered":"https:\/\/www.animaluprising.ch\/pourquoi\/"},"modified":"2025-10-01T15:19:28","modified_gmt":"2025-10-01T15:19:28","slug":"pourquoi","status":"publish","type":"page","link":"https:\/\/www.animaluprising.ch\/fr\/pourquoi\/","title":{"rendered":"pourquoi"},"content":{"rendered":"\t\t<div data-elementor-type=\"wp-page\" data-elementor-id=\"1009\" class=\"elementor elementor-1009 elementor-25\" data-elementor-post-type=\"page\">\n\t\t\t\t<div class=\"elementor-element elementor-element-6e92229 e-flex e-con-boxed e-con e-parent\" data-id=\"6e92229\" data-element_type=\"container\" data-e-type=\"container\" data-settings=\"{&quot;background_background&quot;:&quot;classic&quot;}\">\n\t\t\t\t\t<div class=\"e-con-inner\">\n\t\t\t\t<div class=\"elementor-element elementor-element-c7e86ad elementor-widget elementor-widget-heading\" data-id=\"c7e86ad\" data-element_type=\"widget\" data-e-type=\"widget\" data-widget_type=\"heading.default\">\n\t\t\t\t\t<h2 class=\"elementor-heading-title elementor-size-default\">Nous d\u00e9fendons le droit \u00e0 la vie, \u00e0 la libert\u00e9 et \u00e0 l\u2019int\u00e9grit\u00e9 de tous les \u00eatres sensibles.<\/h2>\t\t\t\t<\/div>\n\t\t\t\t<div class=\"elementor-element elementor-element-a46d7de elementor-widget elementor-widget-heading\" data-id=\"a46d7de\" data-element_type=\"widget\" data-e-type=\"widget\" data-widget_type=\"heading.default\">\n\t\t\t\t\t<h2 class=\"elementor-heading-title elementor-size-default\"><a href=\"https:\/\/tierimfokus.typeform.com\/to\/CL7jZuqB?typeform-source=www.animaluprising.ch\">&gt;&gt; Parteciper<\/a><\/h2>\t\t\t\t<\/div>\n\t\t\t\t\t<\/div>\n\t\t\t\t<\/div>\n\t\t\t\t<\/div>\n\t\t","protected":false},"excerpt":{"rendered":"<p>Nous d\u00e9fendons le droit \u00e0 la vie, \u00e0 la libert\u00e9 et \u00e0 l\u2019int\u00e9grit\u00e9 de tous les \u00eatres sensibles. &gt;&gt; Parteciper<\/p>\n","protected":false},"author":1,"featured_media":0,"parent":0,"menu_order":0,"comment_status":"closed","ping_status":"closed","template":"","meta":{"_acf_changed":false,"footnotes":""},"class_list":["post-1009","page","type-page","status-publish","hentry"],"acf":{"veranstaltungsdatum":null,"zeit":null,"veranstaltungsart_select":false},"_links":{"self":[{"href":"https:\/\/www.animaluprising.ch\/fr\/wp-json\/wp\/v2\/pages\/1009","targetHints":{"allow":["GET"]}}],"collection":[{"href":"https:\/\/www.animaluprising.ch\/fr\/wp-json\/wp\/v2\/pages"}],"about":[{"href":"https:\/\/www.animaluprising.ch\/fr\/wp-json\/wp\/v2\/types\/page"}],"author":[{"embeddable":true,"href":"https:\/\/www.animaluprising.ch\/fr\/wp-json\/wp\/v2\/users\/1"}],"replies":[{"embeddable":true,"href":"https:\/\/www.animaluprising.ch\/fr\/wp-json\/wp\/v2\/comments?post=1009"}],"version-history":[{"count":4,"href":"https:\/\/www.animaluprising.ch\/fr\/wp-json\/wp\/v2\/pages\/1009\/revisions"}],"predecessor-version":[{"id":1095,"href":"https:\/\/www.animaluprising.ch\/fr\/wp-json\/wp\/v2\/pages\/1009\/revisions\/1095"}],"wp:attachment":[{"href":"https:\/\/www.animaluprising.ch\/fr\/wp-json\/wp\/v2\/media?parent=1009"}],"curies":[{"name":"wp","href":"https:\/\/api.w.org\/{rel}","templated":true}]}}